{"id":22,"date":"2018-01-20T15:41:19","date_gmt":"2018-01-20T14:41:19","guid":{"rendered":"https:\/\/restauracja.harmoniasmakow.com\/index.php\/aktualna-oferta\/"},"modified":"2018-01-20T15:41:19","modified_gmt":"2018-01-20T14:41:19","slug":"aktualna-oferta","status":"publish","type":"page","link":"https:\/\/restauracja.harmoniasmakow.com\/index.php\/aktualna-oferta\/","title":{"rendered":"Aktualna oferta"},"content":{"rendered":"<div data-contents=\"true\">\n<div class=\"\" data-block=\"true\" data-editor=\"5plnd\" data-offset-key=\"7tae3-0-0\">\n<div>\n<div class=\"\" dir=\"auto\">\n<div id=\"jsc_c_1g\" class=\"ecm0bbzt hv4rvrfc ihqw7lf3 dati1w0a\" data-ad-comet-preview=\"message\" data-ad-preview=\"message\">\n<div class=\"j83agx80 cbu4d94t ew0dbk1b irj2b8pg\">\n<div class=\"qzhwtbm6 knvmm38d\">\n<div class=\"kvgmc6g5 cxmmr5t8 oygrvhab hcukyx3x c1et5uql ii04i59q\">\n<div>\n<div class=\"\" dir=\"auto\">\n<div id=\"jsc_c_1s\" class=\"ecm0bbzt hv4rvrfc ihqw7lf3 dati1w0a\" data-ad-comet-preview=\"message\" data-ad-preview=\"message\">\n<div class=\"j83agx80 cbu4d94t ew0dbk1b irj2b8pg\">\n<div class=\"qzhwtbm6 knvmm38d\">\n<div class=\"\" data-block=\"true\" data-editor=\"b0sa0\" data-offset-key=\"c1hr2-0-0\">\n<div>\n<div class=\"\" dir=\"auto\">\n<div id=\"jsc_c_w\" class=\"ecm0bbzt hv4rvrfc ihqw7lf3 dati1w0a\" data-ad-comet-preview=\"message\" data-ad-preview=\"message\">\n<div class=\"j83agx80 cbu4d94t ew0dbk1b irj2b8pg\">\n<div class=\"qzhwtbm6 knvmm38d\">\n<div class=\"\" style=\"text-align: center;\" data-block=\"true\" data-editor=\"5plnd\" data-offset-key=\"5505b-0-0\">\n<div>\n<div class=\"\" dir=\"auto\">\n<div id=\"jsc_c_4b\" class=\"ecm0bbzt hv4rvrfc ihqw7lf3 dati1w0a\" data-ad-comet-preview=\"message\" data-ad-preview=\"message\">\n<div class=\"j83agx80 cbu4d94t ew0dbk1b irj2b8pg\">\n<div class=\"qzhwtbm6 knvmm38d\">\n<div class=\"kvgmc6g5 cxmmr5t8 oygrvhab hcukyx3x c1et5uql ii04i59q\">\n<div>\n<div class=\"\" dir=\"auto\">\n<div id=\"jsc_c_5\" class=\"d2hqwtrz r227ecj6 gt60zsk1 o9wcebwi\" data-ad-comet-preview=\"message\" data-ad-preview=\"message\">\n<div class=\"alzwoclg cqf1kptm siwo0mpr gu5uzgus\">\n<div class=\"jroqu855 nthtkgg5\">\n<div class=\"m8h3af8h l7ghb35v kjdc1dyq kmwttqpk gh25dzvf n3t5jt4f\">\n<div dir=\"auto\" style=\"text-align: center;\">\u00a0<\/div>\n<div>\n<div class=\"\" dir=\"auto\">\n<div id=\"jsc_c_5\" class=\"d2hqwtrz r227ecj6 gt60zsk1 o9wcebwi\" data-ad-comet-preview=\"message\" data-ad-preview=\"message\">\n<div class=\"alzwoclg cqf1kptm siwo0mpr gu5uzgus\">\n<div class=\"jroqu855 nthtkgg5\">\n<div class=\"m8h3af8h l7ghb35v kjdc1dyq kmwttqpk gh25dzvf n3t5jt4f\">\n<div dir=\"auto\" style=\"text-align: center;\">\n<div>\n<div class=\"\" dir=\"auto\">\n<div id=\"jsc_c_i\" class=\"x1iorvi4 x1pi30zi x1swvt13 xjkvuk6\" data-ad-comet-preview=\"message\" data-ad-preview=\"message\">\n<div class=\"x78zum5 xdt5ytf xz62fqu x16ldp7u\">\n<div class=\"xu06os2 x1ok221b\">\n<div class=\"xdj266r x11i5rnm xat24cr x1mh8g0r x1vvkbs x126k92a\">\n<div dir=\"auto\" style=\"text-align: center;\"><span style=\"font-size: 12pt;\"><em><strong>W dniu 29.10.2022 r.<\/strong><\/em><\/span><\/div>\n<div dir=\"auto\" style=\"text-align: center;\"><span style=\"font-size: 12pt;\"><em><strong>Restauracja zarezerwowana, zapraszamy w niedziel\u0119.<br \/><\/strong><\/em><\/span><\/div>\n<\/div>\n<\/div>\n<\/div>\n<\/div>\n<\/div>\n<\/div>\n<p><span style=\"font-size: 12pt;\"><strong><br \/><\/strong><\/span><\/div>\n<\/div>\n<\/div>\n<\/div>\n<\/div>\n<\/div>\n<\/div>\n<\/div>\n<\/div>\n<\/div>\n<\/div>\n<\/div>\n<\/div>\n<div dir=\"auto\" style=\"text-align: center;\">\n<div>\n<div class=\"\" dir=\"auto\">\n<div id=\"jsc_c_2e\" class=\"ecm0bbzt hv4rvrfc ihqw7lf3 dati1w0a\" data-ad-comet-preview=\"message\" data-ad-preview=\"message\">\n<div class=\"j83agx80 cbu4d94t ew0dbk1b irj2b8pg\">\n<div class=\"qzhwtbm6 knvmm38d\">\n<div class=\"kvgmc6g5 cxmmr5t8 oygrvhab hcukyx3x c1et5uql ii04i59q\">\n<div class=\"m8h3af8h l7ghb35v kjdc1dyq kmwttqpk gh25dzvf n3t5jt4f\">\u00a0<\/div>\n<div class=\"m8h3af8h l7ghb35v kjdc1dyq kmwttqpk gh25dzvf n3t5jt4f\"><span style=\"font-size: 24pt;\"><strong>Nowo\u015b\u0107 Gotowe Zestawy Obiadowe Do Podgrzania<\/strong><\/span><\/div>\n<div class=\"m8h3af8h l7ghb35v kjdc1dyq kmwttqpk gh25dzvf n3t5jt4f\">\u00a0<\/div>\n<div class=\"m8h3af8h l7ghb35v kjdc1dyq kmwttqpk gh25dzvf n3t5jt4f\"><span style=\"font-size: 18pt;\"><strong>Wi\u0119cej szczeg\u00f3\u0142\u00f3w na <\/strong><\/span><\/div>\n<div class=\"m8h3af8h l7ghb35v kjdc1dyq kmwttqpk gh25dzvf n3t5jt4f\"><span style=\"font-size: 18pt;\"><strong><a href=\"https:\/\/sklep.pasjasmakow.com\/pl\/c\/ZESTAWY-OBIADOWE\/50\">https:\/\/sklep.pasjasmakow.com\/pl\/c\/ZESTAWY-OBIADOWE\/50<\/a><\/strong><\/span><\/div>\n<div class=\"m8h3af8h l7ghb35v kjdc1dyq kmwttqpk gh25dzvf n3t5jt4f\">\n<p style=\"text-align: center;\"><span style=\"color: #ffffff;\"><span style=\"font-size: 14pt;\"><strong>Zam\u00f3wien<\/strong><\/span><span style=\"font-size: 14pt;\"><strong>ie z\u0142o\u017cone do godziny 11.00 mo\u017cemy zrealizowa\u0107 nast\u0119pnego dnia.<br \/><\/strong><\/span><\/span><\/p>\n<p style=\"text-align: center;\"><span style=\"font-size: 14pt; color: #ffffff;\"><strong>Zam\u00f3wienia z\u0142o\u017cone po 11.00 realizowane s\u0105 po 48 godzinach.<\/strong><\/span><\/p>\n<p><span style=\"font-size: 14pt; color: #ffffff;\"><strong>Wszystkie dania s\u0105 produkowane pod zam\u00f3wienie klienta.<\/strong><\/span><\/div>\n<div class=\"m8h3af8h l7ghb35v kjdc1dyq kmwttqpk gh25dzvf n3t5jt4f\">\u00a0<\/div>\n<div class=\"m8h3af8h l7ghb35v kjdc1dyq kmwttqpk gh25dzvf n3t5jt4f\"><span style=\"font-size: 14pt; color: #ffffff;\"><strong>Termin przydatno\u015bci do spo\u017cycia wynosi 5 dni.<\/strong><\/span><\/div>\n<div class=\"m8h3af8h l7ghb35v kjdc1dyq kmwttqpk gh25dzvf n3t5jt4f\">\u00a0<\/div>\n<div class=\"m8h3af8h l7ghb35v kjdc1dyq kmwttqpk gh25dzvf n3t5jt4f\"><span style=\"font-size: 14pt; color: #ffffff;\"><strong>Zestawy posiadaj\u0105 opis kaloryczno\u015bci.<\/strong><\/span><\/div>\n<div class=\"m8h3af8h l7ghb35v kjdc1dyq kmwttqpk gh25dzvf n3t5jt4f\">\u00a0<\/div>\n<div class=\"m8h3af8h l7ghb35v kjdc1dyq kmwttqpk gh25dzvf n3t5jt4f\"><img fetchpriority=\"high\" decoding=\"async\" src=\"images\/200.jpg\" width=\"250\" height=\"250\" \/>\u00a0<img decoding=\"async\" src=\"images\/1100.jpg\" width=\"250\" height=\"250\" \/> <img decoding=\"async\" src=\"images\/400.jpg\" width=\"250\" height=\"250\" \/> <img loading=\"lazy\" decoding=\"async\" src=\"images\/900.jpg\" width=\"250\" height=\"250\" \/> <img loading=\"lazy\" decoding=\"async\" src=\"images\/600.jpg\" width=\"250\" height=\"250\" \/> <img loading=\"lazy\" decoding=\"async\" src=\"images\/100.jpg\" width=\"250\" height=\"250\" \/><\/div>\n<div class=\"m8h3af8h l7ghb35v kjdc1dyq kmwttqpk gh25dzvf n3t5jt4f\"><span style=\"font-size: 24pt;\"><strong><span style=\"color: #ff00ff;\">Zapraszamy do wsp\u00f3\u0142pracy sklepy, firmy, szko\u0142y.<\/span><\/strong><\/span><\/div>\n<\/div>\n<\/div>\n<\/div>\n<\/div>\n<\/div>\n<\/div>\n<\/div>\n<\/div>\n<\/div>\n<\/div>\n<\/div>\n<\/div>\n<\/div>\n<p><span style=\"color: #ffffff;\">\u00a0<\/span><\/p>\n<\/div>\n<\/div>\n<\/div>\n<\/div>\n<\/div>\n<\/div>\n<\/div>\n<\/div>\n<\/div>\n<\/div>\n<\/div>\n<\/div>\n<\/div>\n<\/div>\n<\/div>\n<\/div>\n<\/div>\n<\/div>\n<\/div>\n<\/div>\n<p style=\"text-align: center;\"><span style=\"font-size: 14pt; color: #000000;\"><a style=\"color: #000000;\" href=\"https:\/\/www.facebook.com\/Harmonia-Smak%C3%B3w-restauracja-113524483410175\/?modal=admin_todo_tour\"><strong><img decoding=\"async\" class=\" size-full wp-image-9\" src=\"https:\/\/restauracja.harmoniasmakow.com\/wp-content\/uploads\/2018\/01\/znajdz-nas-na-faceboku.jpg\" width=\"300\" srcset=\"https:\/\/restauracja.harmoniasmakow.com\/wp-content\/uploads\/2018\/01\/znajdz-nas-na-faceboku.jpg 2362w, https:\/\/restauracja.harmoniasmakow.com\/wp-content\/uploads\/2018\/01\/znajdz-nas-na-faceboku-300x75.jpg 300w, https:\/\/restauracja.harmoniasmakow.com\/wp-content\/uploads\/2018\/01\/znajdz-nas-na-faceboku-1024x256.jpg 1024w, https:\/\/restauracja.harmoniasmakow.com\/wp-content\/uploads\/2018\/01\/znajdz-nas-na-faceboku-768x192.jpg 768w, https:\/\/restauracja.harmoniasmakow.com\/wp-content\/uploads\/2018\/01\/znajdz-nas-na-faceboku-1536x384.jpg 1536w, https:\/\/restauracja.harmoniasmakow.com\/wp-content\/uploads\/2018\/01\/znajdz-nas-na-faceboku-2048x512.jpg 2048w\" sizes=\"(max-width: 2362px) 100vw, 2362px\" \/><\/strong><\/a><\/span><\/p>\n<p style=\"text-align: center;\"><span style=\"color: #ffffff; font-size: 18pt;\"><strong>Restauracja czynna 7 dni w tygodniu od godz. 12.00 do 19.00<br \/><\/strong><\/span><\/p>\n<p style=\"text-align: center;\"><span style=\"color: #ffffff;\"><span style=\"font-size: 18pt;\"><strong>Zapraszamy na Niedzielne Obiady Familijne.<\/strong><\/span><span style=\"font-size: 18pt;\"><strong> <br \/><\/strong><\/span><\/span><\/p>\n<p style=\"text-align: center;\">\u00a0<\/p>\n<p style=\"text-align: center;\"><span style=\"color: #ffffff;\"><span style=\"font-size: 18pt;\"><strong><img decoding=\"async\" class=\" alignleft size-full wp-image-10\" style=\"float: left;\" src=\"https:\/\/restauracja.harmoniasmakow.com\/wp-content\/uploads\/2018\/01\/Bon-harmonia.jpg\" width=\"400\" srcset=\"https:\/\/restauracja.harmoniasmakow.com\/wp-content\/uploads\/2018\/01\/Bon-harmonia.jpg 1654w, https:\/\/restauracja.harmoniasmakow.com\/wp-content\/uploads\/2018\/01\/Bon-harmonia-300x171.jpg 300w, https:\/\/restauracja.harmoniasmakow.com\/wp-content\/uploads\/2018\/01\/Bon-harmonia-1024x585.jpg 1024w, https:\/\/restauracja.harmoniasmakow.com\/wp-content\/uploads\/2018\/01\/Bon-harmonia-768x439.jpg 768w, https:\/\/restauracja.harmoniasmakow.com\/wp-content\/uploads\/2018\/01\/Bon-harmonia-1536x878.jpg 1536w\" sizes=\"(max-width: 1654px) 100vw, 1654px\" \/><\/strong><\/span><\/span><span style=\"font-size: 14pt;\"><strong>Zr\u00f3b wyj\u0105tkowy prezent niespodziank\u0119 swoim bliskim. Nie \u0142am sobie g\u0142owy zastanawiaj\u0105c si\u0119 co kupi\u0107 &#8211; pozostaw wyb\u00f3r innym. Bony podarunkowe to metoda zyskuj\u0105ca coraz wi\u0119ksz\u0105 popularno\u015b\u0107. Warto\u015b\u0107 vouchera nale\u017cy wykorzysta\u0107 w naszych restauracjach komponuj\u0105c posi\u0142ek, wybieraj\u0105c dania i napoje z karty. Bon upominkowy mo\u017cna wykorzysta\u0107 r\u00f3wnie\u017c w naszym sklepie internetowym\u00a0 w rubryce \u2013 Kupon rabatowy.<\/strong><\/span><\/p>\n<p style=\"text-align: center;\">\u00a0<\/p>\n<p style=\"text-align: center;\"><span style=\"font-size: 18pt; color: #ffff00;\"><strong><span style=\"font-family: arial black, sans-serif;\">Zapraszamy do organizacji <\/span><\/strong><\/span><\/p>\n<p style=\"text-align: center;\"><span style=\"font-size: 18pt; color: #ffff00;\"><strong><span style=\"font-family: arial black, sans-serif;\">Chrzcin i Roczk\u00f3w w naszej restauracji. <\/span><\/strong><\/span><\/p>\n<p style=\"text-align: center;\"><span style=\"font-size: 18pt; color: #ffff00;\"><strong><span style=\"font-family: arial black, sans-serif;\">Jeste\u015bmy przekonani, \u017ce powierzaj\u0105c nam organizacj\u0119 <\/span><\/strong><\/span><\/p>\n<p style=\"text-align: center;\"><span style=\"font-size: 18pt; color: #ffff00;\"><strong><span style=\"font-family: arial black, sans-serif;\">Przyj\u0119\u0107 Okoliczno\u015bciowych w nowej restauracji dokonuj\u0105 Pa\u0144stwo <\/span><\/strong><\/span><\/p>\n<p style=\"text-align: center;\"><span style=\"font-size: 18pt; color: #ffff00;\"><strong><span style=\"font-family: arial black, sans-serif;\">trafnego wyboru. Nasz do\u015bwiadczony zesp\u00f3\u0142 z przyjemno\u015bci\u0105<\/span><\/strong><\/span><\/p>\n<p style=\"text-align: center;\"><span style=\"font-size: 18pt; color: #ffff00;\"><strong><span style=\"font-family: arial black, sans-serif;\">zorganizuje przyj\u0119cie Pa\u0144stwa marze\u0144.<\/span><\/strong><\/span><\/p>\n<p style=\"text-align: center;\"><span style=\"font-family: arial black, avant garde; color: #000000; font-size: medium;\"><img decoding=\"async\" class=\" size-full wp-image-11\" src=\"https:\/\/restauracja.harmoniasmakow.com\/wp-content\/uploads\/2018\/01\/harmonia-1-scaled.jpg\" width=\"400\" srcset=\"https:\/\/restauracja.harmoniasmakow.com\/wp-content\/uploads\/2018\/01\/harmonia-1-scaled.jpg 2560w, https:\/\/restauracja.harmoniasmakow.com\/wp-content\/uploads\/2018\/01\/harmonia-1-300x225.jpg 300w, https:\/\/restauracja.harmoniasmakow.com\/wp-content\/uploads\/2018\/01\/harmonia-1-1024x768.jpg 1024w, https:\/\/restauracja.harmoniasmakow.com\/wp-content\/uploads\/2018\/01\/harmonia-1-768x576.jpg 768w, https:\/\/restauracja.harmoniasmakow.com\/wp-content\/uploads\/2018\/01\/harmonia-1-1536x1152.jpg 1536w, https:\/\/restauracja.harmoniasmakow.com\/wp-content\/uploads\/2018\/01\/harmonia-1-2048x1536.jpg 2048w\" sizes=\"(max-width: 2560px) 100vw, 2560px\" \/>\u00a0 <img decoding=\"async\" class=\" size-full wp-image-12\" src=\"https:\/\/restauracja.harmoniasmakow.com\/wp-content\/uploads\/2018\/01\/20191214_133042-scaled.jpg\" width=\"400\" srcset=\"https:\/\/restauracja.harmoniasmakow.com\/wp-content\/uploads\/2018\/01\/20191214_133042-scaled.jpg 2560w, https:\/\/restauracja.harmoniasmakow.com\/wp-content\/uploads\/2018\/01\/20191214_133042-300x225.jpg 300w, https:\/\/restauracja.harmoniasmakow.com\/wp-content\/uploads\/2018\/01\/20191214_133042-1024x768.jpg 1024w, https:\/\/restauracja.harmoniasmakow.com\/wp-content\/uploads\/2018\/01\/20191214_133042-768x576.jpg 768w, https:\/\/restauracja.harmoniasmakow.com\/wp-content\/uploads\/2018\/01\/20191214_133042-1536x1152.jpg 1536w, https:\/\/restauracja.harmoniasmakow.com\/wp-content\/uploads\/2018\/01\/20191214_133042-2048x1536.jpg 2048w\" sizes=\"(max-width: 2560px) 100vw, 2560px\" \/><br \/><\/span><\/p>\n<p style=\"text-align: center;\"><span style=\"font-family: arial black, avant garde; color: #000000; font-size: medium;\"><img decoding=\"async\" class=\" size-full wp-image-13\" src=\"https:\/\/restauracja.harmoniasmakow.com\/wp-content\/uploads\/2018\/01\/20191222_110513-scaled.jpg\" width=\"400\" srcset=\"https:\/\/restauracja.harmoniasmakow.com\/wp-content\/uploads\/2018\/01\/20191222_110513-scaled.jpg 2560w, https:\/\/restauracja.harmoniasmakow.com\/wp-content\/uploads\/2018\/01\/20191222_110513-300x225.jpg 300w, https:\/\/restauracja.harmoniasmakow.com\/wp-content\/uploads\/2018\/01\/20191222_110513-1024x768.jpg 1024w, https:\/\/restauracja.harmoniasmakow.com\/wp-content\/uploads\/2018\/01\/20191222_110513-768x576.jpg 768w, https:\/\/restauracja.harmoniasmakow.com\/wp-content\/uploads\/2018\/01\/20191222_110513-1536x1152.jpg 1536w, https:\/\/restauracja.harmoniasmakow.com\/wp-content\/uploads\/2018\/01\/20191222_110513-2048x1536.jpg 2048w\" sizes=\"(max-width: 2560px) 100vw, 2560px\" \/>\u00a0 <img decoding=\"async\" class=\" size-full wp-image-14\" src=\"https:\/\/restauracja.harmoniasmakow.com\/wp-content\/uploads\/2018\/01\/20191020_124237-scaled.jpg\" width=\"400\" srcset=\"https:\/\/restauracja.harmoniasmakow.com\/wp-content\/uploads\/2018\/01\/20191020_124237-scaled.jpg 2560w, https:\/\/restauracja.harmoniasmakow.com\/wp-content\/uploads\/2018\/01\/20191020_124237-300x225.jpg 300w, https:\/\/restauracja.harmoniasmakow.com\/wp-content\/uploads\/2018\/01\/20191020_124237-1024x768.jpg 1024w, https:\/\/restauracja.harmoniasmakow.com\/wp-content\/uploads\/2018\/01\/20191020_124237-768x576.jpg 768w, https:\/\/restauracja.harmoniasmakow.com\/wp-content\/uploads\/2018\/01\/20191020_124237-1536x1152.jpg 1536w, https:\/\/restauracja.harmoniasmakow.com\/wp-content\/uploads\/2018\/01\/20191020_124237-2048x1536.jpg 2048w\" sizes=\"(max-width: 2560px) 100vw, 2560px\" \/><br \/><\/span><\/p>\n<p style=\"text-align: center;\"><span style=\"font-family: arial black, avant garde; color: #000000; font-size: medium;\"><img decoding=\"async\" class=\" size-full wp-image-15\" src=\"https:\/\/restauracja.harmoniasmakow.com\/wp-content\/uploads\/2018\/01\/20190907_131545555-scaled.jpg\" width=\"400\" srcset=\"https:\/\/restauracja.harmoniasmakow.com\/wp-content\/uploads\/2018\/01\/20190907_131545555-scaled.jpg 2560w, https:\/\/restauracja.harmoniasmakow.com\/wp-content\/uploads\/2018\/01\/20190907_131545555-300x225.jpg 300w, https:\/\/restauracja.harmoniasmakow.com\/wp-content\/uploads\/2018\/01\/20190907_131545555-1024x768.jpg 1024w, https:\/\/restauracja.harmoniasmakow.com\/wp-content\/uploads\/2018\/01\/20190907_131545555-768x576.jpg 768w, https:\/\/restauracja.harmoniasmakow.com\/wp-content\/uploads\/2018\/01\/20190907_131545555-1536x1152.jpg 1536w, https:\/\/restauracja.harmoniasmakow.com\/wp-content\/uploads\/2018\/01\/20190907_131545555-2048x1536.jpg 2048w\" sizes=\"(max-width: 2560px) 100vw, 2560px\" \/>\u00a0 <img decoding=\"async\" class=\" size-full wp-image-16\" src=\"https:\/\/restauracja.harmoniasmakow.com\/wp-content\/uploads\/2018\/01\/20191215_172508-scaled.jpg\" width=\"400\" srcset=\"https:\/\/restauracja.harmoniasmakow.com\/wp-content\/uploads\/2018\/01\/20191215_172508-scaled.jpg 2560w, https:\/\/restauracja.harmoniasmakow.com\/wp-content\/uploads\/2018\/01\/20191215_172508-300x225.jpg 300w, https:\/\/restauracja.harmoniasmakow.com\/wp-content\/uploads\/2018\/01\/20191215_172508-1024x768.jpg 1024w, https:\/\/restauracja.harmoniasmakow.com\/wp-content\/uploads\/2018\/01\/20191215_172508-768x576.jpg 768w, https:\/\/restauracja.harmoniasmakow.com\/wp-content\/uploads\/2018\/01\/20191215_172508-1536x1152.jpg 1536w, https:\/\/restauracja.harmoniasmakow.com\/wp-content\/uploads\/2018\/01\/20191215_172508-2048x1536.jpg 2048w\" sizes=\"(max-width: 2560px) 100vw, 2560px\" \/><br \/><\/span><\/p>\n<p style=\"text-align: center;\"><span style=\"font-family: arial black, avant garde; color: #ffffff; font-size: 18pt;\">Zapraszamy r\u00f3wnie\u017c do naszej drugiej restauracji<\/span><\/p>\n<p style=\"text-align: center;\"><span style=\"font-family: arial black, avant garde; color: #ffffff; font-size: 24pt;\">Pasja Smak\u00f3w<\/span><\/p>\n<p style=\"text-align: center;\"><span style=\"font-family: arial black, avant garde; color: #ffffff; font-size: 18pt;\">na os. Pod Lipami 104, <a style=\"color: #ffffff;\" href=\"http:\/\/www.pasjasmakow.com\">www.pasjasmakow.com<\/a><\/span><\/p>\n<p style=\"text-align: center;\"><span style=\"font-family: arial black, avant garde; color: #000000; font-size: medium;\"><img decoding=\"async\" class=\" size-full wp-image-17\" src=\"https:\/\/restauracja.harmoniasmakow.com\/wp-content\/uploads\/2018\/01\/pasja-101-scaled.jpg\" width=\"400\" srcset=\"https:\/\/restauracja.harmoniasmakow.com\/wp-content\/uploads\/2018\/01\/pasja-101-scaled.jpg 2560w, https:\/\/restauracja.harmoniasmakow.com\/wp-content\/uploads\/2018\/01\/pasja-101-300x225.jpg 300w, https:\/\/restauracja.harmoniasmakow.com\/wp-content\/uploads\/2018\/01\/pasja-101-1024x768.jpg 1024w, https:\/\/restauracja.harmoniasmakow.com\/wp-content\/uploads\/2018\/01\/pasja-101-768x576.jpg 768w, https:\/\/restauracja.harmoniasmakow.com\/wp-content\/uploads\/2018\/01\/pasja-101-1536x1152.jpg 1536w, https:\/\/restauracja.harmoniasmakow.com\/wp-content\/uploads\/2018\/01\/pasja-101-2048x1536.jpg 2048w\" sizes=\"(max-width: 2560px) 100vw, 2560px\" \/>\u00a0 <img decoding=\"async\" class=\" size-full wp-image-18\" src=\"https:\/\/restauracja.harmoniasmakow.com\/wp-content\/uploads\/2018\/01\/pasja-102-scaled.jpg\" width=\"400\" srcset=\"https:\/\/restauracja.harmoniasmakow.com\/wp-content\/uploads\/2018\/01\/pasja-102-scaled.jpg 2560w, https:\/\/restauracja.harmoniasmakow.com\/wp-content\/uploads\/2018\/01\/pasja-102-300x225.jpg 300w, https:\/\/restauracja.harmoniasmakow.com\/wp-content\/uploads\/2018\/01\/pasja-102-1024x768.jpg 1024w, https:\/\/restauracja.harmoniasmakow.com\/wp-content\/uploads\/2018\/01\/pasja-102-768x576.jpg 768w, https:\/\/restauracja.harmoniasmakow.com\/wp-content\/uploads\/2018\/01\/pasja-102-1536x1152.jpg 1536w, https:\/\/restauracja.harmoniasmakow.com\/wp-content\/uploads\/2018\/01\/pasja-102-2048x1536.jpg 2048w\" sizes=\"(max-width: 2560px) 100vw, 2560px\" \/><br \/><\/span><\/p>\n<p style=\"text-align: center;\"><span style=\"font-family: arial black, avant garde; color: #000000; font-size: medium;\"><img decoding=\"async\" class=\" size-full wp-image-19\" src=\"https:\/\/restauracja.harmoniasmakow.com\/wp-content\/uploads\/2018\/01\/pasja-104-scaled.jpg\" width=\"400\" srcset=\"https:\/\/restauracja.harmoniasmakow.com\/wp-content\/uploads\/2018\/01\/pasja-104-scaled.jpg 2560w, https:\/\/restauracja.harmoniasmakow.com\/wp-content\/uploads\/2018\/01\/pasja-104-300x225.jpg 300w, https:\/\/restauracja.harmoniasmakow.com\/wp-content\/uploads\/2018\/01\/pasja-104-1024x768.jpg 1024w, https:\/\/restauracja.harmoniasmakow.com\/wp-content\/uploads\/2018\/01\/pasja-104-768x576.jpg 768w, https:\/\/restauracja.harmoniasmakow.com\/wp-content\/uploads\/2018\/01\/pasja-104-1536x1152.jpg 1536w, https:\/\/restauracja.harmoniasmakow.com\/wp-content\/uploads\/2018\/01\/pasja-104-2048x1536.jpg 2048w\" sizes=\"(max-width: 2560px) 100vw, 2560px\" \/>\u00a0 <img decoding=\"async\" class=\" size-full wp-image-20\" src=\"https:\/\/restauracja.harmoniasmakow.com\/wp-content\/uploads\/2018\/01\/pasja-103-scaled.jpg\" width=\"400\" srcset=\"https:\/\/restauracja.harmoniasmakow.com\/wp-content\/uploads\/2018\/01\/pasja-103-scaled.jpg 2560w, https:\/\/restauracja.harmoniasmakow.com\/wp-content\/uploads\/2018\/01\/pasja-103-300x225.jpg 300w, https:\/\/restauracja.harmoniasmakow.com\/wp-content\/uploads\/2018\/01\/pasja-103-1024x768.jpg 1024w, https:\/\/restauracja.harmoniasmakow.com\/wp-content\/uploads\/2018\/01\/pasja-103-768x576.jpg 768w, https:\/\/restauracja.harmoniasmakow.com\/wp-content\/uploads\/2018\/01\/pasja-103-1536x1152.jpg 1536w, https:\/\/restauracja.harmoniasmakow.com\/wp-content\/uploads\/2018\/01\/pasja-103-2048x1536.jpg 2048w\" sizes=\"(max-width: 2560px) 100vw, 2560px\" \/><br \/><\/span><\/p>\n<p>\u00a0<\/p>\n<p style=\"text-align: center;\"><span style=\"color: #ffff00;\"><span style=\"font-size: large;\"><strong>Zapraszamy do sk\u0142adania zam\u00f3wie\u0144 na potrawy gotowe <\/strong><\/span><strong><span style=\"font-size: large;\"> i garma\u017cerk\u0119.<\/span><\/strong><\/span><\/p>\n<p style=\"text-align: center;\"><strong><span style=\"font-size: large;\"><span style=\"color: #000000;\"><a style=\"color: #000000;\" href=\"garma%C5%BCerka-i-mi%C4%99sa.html\"><img decoding=\"async\" class=\" size-full wp-image-21\" src=\"https:\/\/restauracja.harmoniasmakow.com\/wp-content\/uploads\/2018\/01\/KLIKNIJ.jpg\" width=\"200\" srcset=\"https:\/\/restauracja.harmoniasmakow.com\/wp-content\/uploads\/2018\/01\/KLIKNIJ.jpg 729w, https:\/\/restauracja.harmoniasmakow.com\/wp-content\/uploads\/2018\/01\/KLIKNIJ-300x119.jpg 300w\" sizes=\"(max-width: 729px) 100vw, 729px\" \/><\/a><\/span><\/span><span style=\"font-size: large; background-color: #ff0000;\"><span style=\"color: #000000;\"><br \/><\/span><\/span><\/strong><\/p>\n","protected":false},"excerpt":{"rendered":"<p>\u00a0 W dniu 29.10.2022 r. Restauracja zarezerwowana, zapraszamy w niedziel\u0119. \u00a0 Nowo\u015b\u0107 Gotowe Zestawy Obiadowe Do Podgrzania \u00a0 Wi\u0119cej szczeg\u00f3\u0142\u00f3w na https:\/\/sklep.pasjasmakow.com\/pl\/c\/ZESTAWY-OBIADOWE\/50 Zam\u00f3wienie z\u0142o\u017cone do godziny 11.00 mo\u017cemy zrealizowa\u0107 nast\u0119pnego dnia. Zam\u00f3wienia z\u0142o\u017cone po 11.00 realizowane s\u0105 po 48 godzinach. Wszystkie dania s\u0105 produkowane pod zam\u00f3wienie klienta. \u00a0 Termin przydatno\u015bci do spo\u017cycia wynosi 5 dni. \u00a0 Zestawy posiadaj\u0105 opis kaloryczno\u015bci. \u00a0 \u00a0 Zapraszamy do wsp\u00f3\u0142pracy sklepy, firmy, szko\u0142y. \u00a0 Restauracja czynna 7 dni w tygodniu od godz. 12.00 do 19.00 Zapraszamy na Niedzielne Obiady Familijne. \u00a0 Zr\u00f3b wyj\u0105tkowy prezent niespodziank\u0119 swoim bliskim. Nie \u0142am sobie g\u0142owy zastanawiaj\u0105c si\u0119 co kupi\u0107 &#8211; pozostaw wyb\u00f3r innym. Bony podarunkowe to metoda zyskuj\u0105ca coraz wi\u0119ksz\u0105 popularno\u015b\u0107. Warto\u015b\u0107 vouchera nale\u017cy wykorzysta\u0107 w naszych restauracjach komponuj\u0105c posi\u0142ek, wybieraj\u0105c dania i napoje z karty. Bon upominkowy mo\u017cna wykorzysta\u0107 r\u00f3wnie\u017c w naszym sklepie internetowym\u00a0 w rubryce \u2013 Kupon rabatowy. \u00a0 Zapraszamy do organizacji Chrzcin i Roczk\u00f3w w naszej restauracji. Jeste\u015bmy przekonani, \u017ce powierzaj\u0105c nam organizacj\u0119 Przyj\u0119\u0107 Okoliczno\u015bciowych w nowej restauracji dokonuj\u0105 Pa\u0144stwo trafnego wyboru. Nasz do\u015bwiadczony zesp\u00f3\u0142 z przyjemno\u015bci\u0105 zorganizuje przyj\u0119cie Pa\u0144stwa marze\u0144. \u00a0 \u00a0 \u00a0 Zapraszamy r\u00f3wnie\u017c do naszej drugiej restauracji Pasja Smak\u00f3w na os. Pod Lipami 104, www.pasjasmakow.com \u00a0 \u00a0 \u00a0 Zapraszamy do sk\u0142adania zam\u00f3wie\u0144 na potrawy gotowe i garma\u017cerk\u0119.<\/p>\n","protected":false},"author":1,"featured_media":0,"parent":0,"menu_order":12,"comment_status":"closed","ping_status":"closed","template":"","meta":{"footnotes":""},"class_list":["post-22","page","type-page","status-publish","hentry"],"_links":{"self":[{"href":"https:\/\/restauracja.harmoniasmakow.com\/index.php\/wp-json\/wp\/v2\/pages\/22","targetHints":{"allow":["GET"]}}],"collection":[{"href":"https:\/\/restauracja.harmoniasmakow.com\/index.php\/wp-json\/wp\/v2\/pages"}],"about":[{"href":"https:\/\/restauracja.harmoniasmakow.com\/index.php\/wp-json\/wp\/v2\/types\/page"}],"author":[{"embeddable":true,"href":"https:\/\/restauracja.harmoniasmakow.com\/index.php\/wp-json\/wp\/v2\/users\/1"}],"replies":[{"embeddable":true,"href":"https:\/\/restauracja.harmoniasmakow.com\/index.php\/wp-json\/wp\/v2\/comments?post=22"}],"version-history":[{"count":0,"href":"https:\/\/restauracja.harmoniasmakow.com\/index.php\/wp-json\/wp\/v2\/pages\/22\/revisions"}],"wp:attachment":[{"href":"https:\/\/restauracja.harmoniasmakow.com\/index.php\/wp-json\/wp\/v2\/media?parent=22"}],"curies":[{"name":"wp","href":"https:\/\/api.w.org\/{rel}","templated":true}]}}