{"id":25,"date":"2018-01-20T15:42:33","date_gmt":"2018-01-20T14:42:33","guid":{"rendered":"https:\/\/restauracja.harmoniasmakow.com\/index.php\/chrzciny\/"},"modified":"2018-01-20T15:42:33","modified_gmt":"2018-01-20T14:42:33","slug":"chrzciny","status":"publish","type":"page","link":"https:\/\/restauracja.harmoniasmakow.com\/index.php\/chrzciny\/","title":{"rendered":"Chrzciny"},"content":{"rendered":"<p style=\"text-align: center;\" align=\"center\"><span style=\"font-size: medium;\"><img fetchpriority=\"high\" decoding=\"async\" class=\" size-full wp-image-24\" src=\"https:\/\/restauracja.harmoniasmakow.com\/wp-content\/uploads\/2018\/01\/11.jpg\" alt=\"\" width=\"411\" height=\"274\" srcset=\"https:\/\/restauracja.harmoniasmakow.com\/wp-content\/uploads\/2018\/01\/11.jpg 2000w, https:\/\/restauracja.harmoniasmakow.com\/wp-content\/uploads\/2018\/01\/11-300x200.jpg 300w, https:\/\/restauracja.harmoniasmakow.com\/wp-content\/uploads\/2018\/01\/11-1024x683.jpg 1024w, https:\/\/restauracja.harmoniasmakow.com\/wp-content\/uploads\/2018\/01\/11-768x512.jpg 768w, https:\/\/restauracja.harmoniasmakow.com\/wp-content\/uploads\/2018\/01\/11-1536x1025.jpg 1536w\" sizes=\"(max-width: 411px) 100vw, 411px\" \/><\/span><\/p>\n<p style=\"text-align: center;\" align=\"center\">\u00a0<\/p>\n<p style=\"text-align: center;\" align=\"center\"><span style=\"font-size: large; color: #ffff99;\">WYJ\u0104TKOWE CHRZCINY DLA TWOJEGO DZIECKA<\/span><\/p>\n<p style=\"text-align: center;\"><span style=\"font-size: medium; color: #ffff99;\">Zatroszcz si\u0119 o wyj\u0105tkow\u0105 opraw\u0119 chrzcin Twojego dziecka. <\/span><\/p>\n<p style=\"text-align: center;\"><span style=\"font-size: medium; color: #ffff99;\">Zapro\u015b swoich bliskich na niepowtarzalne przyj\u0119cie w Restauracji Harmonia Smak\u00f3w.<\/span><\/p>\n<p style=\"text-align: center;\"><span style=\"font-size: medium; color: #ffff99;\">Zaoferujemy najwy\u017cszej klasy obs\u0142ug\u0119, wy\u015bmienite menu! <\/span><\/p>\n<p style=\"text-align: center;\"><span style=\"font-size: medium; color: #ffff99;\">Aby nie musieli si\u0119 Pa\u0144stwo martwi\u0107 organizacj\u0105 przyj\u0119cia zapraszamy do skorzystania z naszej oferty.<\/span><\/p>\n<p style=\"text-align: center;\"><span style=\"font-size: medium;\">\u00a0<\/span><\/p>\n<p style=\"text-align: center;\">\u00a0<\/p>\n","protected":false},"excerpt":{"rendered":"<p>\u00a0 WYJ\u0104TKOWE CHRZCINY DLA TWOJEGO DZIECKA Zatroszcz si\u0119 o wyj\u0105tkow\u0105 opraw\u0119 chrzcin Twojego dziecka. Zapro\u015b swoich bliskich na niepowtarzalne przyj\u0119cie w Restauracji Harmonia Smak\u00f3w. Zaoferujemy najwy\u017cszej klasy obs\u0142ug\u0119, wy\u015bmienite menu! Aby nie musieli si\u0119 Pa\u0144stwo martwi\u0107 organizacj\u0105 przyj\u0119cia zapraszamy do skorzystania z naszej oferty. \u00a0 \u00a0<\/p>\n","protected":false},"author":1,"featured_media":24,"parent":0,"menu_order":10,"comment_status":"closed","ping_status":"closed","template":"","meta":{"footnotes":""},"class_list":["post-25","page","type-page","status-publish","has-post-thumbnail","hentry"],"_links":{"self":[{"href":"https:\/\/restauracja.harmoniasmakow.com\/index.php\/wp-json\/wp\/v2\/pages\/25","targetHints":{"allow":["GET"]}}],"collection":[{"href":"https:\/\/restauracja.harmoniasmakow.com\/index.php\/wp-json\/wp\/v2\/pages"}],"about":[{"href":"https:\/\/restauracja.harmoniasmakow.com\/index.php\/wp-json\/wp\/v2\/types\/page"}],"author":[{"embeddable":true,"href":"https:\/\/restauracja.harmoniasmakow.com\/index.php\/wp-json\/wp\/v2\/users\/1"}],"replies":[{"embeddable":true,"href":"https:\/\/restauracja.harmoniasmakow.com\/index.php\/wp-json\/wp\/v2\/comments?post=25"}],"version-history":[{"count":0,"href":"https:\/\/restauracja.harmoniasmakow.com\/index.php\/wp-json\/wp\/v2\/pages\/25\/revisions"}],"wp:featuredmedia":[{"embeddable":true,"href":"https:\/\/restauracja.harmoniasmakow.com\/index.php\/wp-json\/wp\/v2\/media\/24"}],"wp:attachment":[{"href":"https:\/\/restauracja.harmoniasmakow.com\/index.php\/wp-json\/wp\/v2\/media?parent=25"}],"curies":[{"name":"wp","href":"https:\/\/api.w.org\/{rel}","templated":true}]}}