{"id":29,"date":"2018-01-20T15:44:00","date_gmt":"2018-01-20T14:44:00","guid":{"rendered":"https:\/\/restauracja.harmoniasmakow.com\/index.php\/komunie\/"},"modified":"2018-01-20T15:44:00","modified_gmt":"2018-01-20T14:44:00","slug":"komunie","status":"publish","type":"page","link":"https:\/\/restauracja.harmoniasmakow.com\/index.php\/komunie\/","title":{"rendered":"Komunie"},"content":{"rendered":"<p><img decoding=\"async\" class=\" size-full wp-image-28\" style=\"border-width: 0px; margin-right: auto; margin-left: auto; display: block;\" src=\"https:\/\/restauracja.harmoniasmakow.com\/wp-content\/uploads\/2018\/01\/1komunia.jpg\" border=\"0\" width=\"229\" height=\"174\" \/><\/p>\n<p>\u00a0<\/p>\n<p align=\"center\"><span style=\"font-size: medium; color: #ffff99;\">Pierwsza Komunia \u015awi\u0119ta, jedno z najwa\u017cniejszych wydarze\u0144 w \u017cyciu dziecka, obchodzona jest<\/span><\/p>\n<p align=\"center\"><span style=\"font-size: medium; color: #ffff99;\">z Polsce bardzo uroczy\u015bcie. W eucharystii bowiem Pierwsza Komunia \u015awi\u0119ta jest sakramentem, <\/span><\/p>\n<p align=\"center\"><span style=\"font-size: medium; color: #ffff99;\">symbolicznie przyjmuj\u0105cym m\u0142odego cz\u0142owieka do grona tych, kt\u00f3rzy bezpo\u015brednio<\/span><\/p>\n<p align=\"center\"><span style=\"font-size: medium; color: #ffff99;\">obcuj\u0105 z Bogiem, dlatego stanowi \u015bwi\u0119to dla ca\u0142ej rodziny.<\/span><\/p>\n<p align=\"center\"><span style=\"font-size: medium; color: #ffff99;\">Zapraszamy do prze\u017cycia tego wspania\u0142ego dnia w naszej restauracji.<\/span><\/p>\n<p>\u00a0<\/p>\n<p><span style=\"font-size: medium;\">\u00a0<\/span><\/p>\n<p>\u00a0<\/p>\n","protected":false},"excerpt":{"rendered":"<p>\u00a0 Pierwsza Komunia \u015awi\u0119ta, jedno z najwa\u017cniejszych wydarze\u0144 w \u017cyciu dziecka, obchodzona jest z Polsce bardzo uroczy\u015bcie. W eucharystii bowiem Pierwsza Komunia \u015awi\u0119ta jest sakramentem, symbolicznie przyjmuj\u0105cym m\u0142odego cz\u0142owieka do grona tych, kt\u00f3rzy bezpo\u015brednio obcuj\u0105 z Bogiem, dlatego stanowi \u015bwi\u0119to dla ca\u0142ej rodziny. Zapraszamy do prze\u017cycia tego wspania\u0142ego dnia w naszej restauracji. \u00a0 \u00a0 \u00a0<\/p>\n","protected":false},"author":1,"featured_media":28,"parent":0,"menu_order":8,"comment_status":"closed","ping_status":"closed","template":"","meta":{"footnotes":""},"class_list":["post-29","page","type-page","status-publish","has-post-thumbnail","hentry"],"_links":{"self":[{"href":"https:\/\/restauracja.harmoniasmakow.com\/index.php\/wp-json\/wp\/v2\/pages\/29","targetHints":{"allow":["GET"]}}],"collection":[{"href":"https:\/\/restauracja.harmoniasmakow.com\/index.php\/wp-json\/wp\/v2\/pages"}],"about":[{"href":"https:\/\/restauracja.harmoniasmakow.com\/index.php\/wp-json\/wp\/v2\/types\/page"}],"author":[{"embeddable":true,"href":"https:\/\/restauracja.harmoniasmakow.com\/index.php\/wp-json\/wp\/v2\/users\/1"}],"replies":[{"embeddable":true,"href":"https:\/\/restauracja.harmoniasmakow.com\/index.php\/wp-json\/wp\/v2\/comments?post=29"}],"version-history":[{"count":0,"href":"https:\/\/restauracja.harmoniasmakow.com\/index.php\/wp-json\/wp\/v2\/pages\/29\/revisions"}],"wp:featuredmedia":[{"embeddable":true,"href":"https:\/\/restauracja.harmoniasmakow.com\/index.php\/wp-json\/wp\/v2\/media\/28"}],"wp:attachment":[{"href":"https:\/\/restauracja.harmoniasmakow.com\/index.php\/wp-json\/wp\/v2\/media?parent=29"}],"curies":[{"name":"wp","href":"https:\/\/api.w.org\/{rel}","templated":true}]}}