{"id":33,"date":"2018-01-20T15:46:10","date_gmt":"2018-01-20T14:46:10","guid":{"rendered":"https:\/\/restauracja.harmoniasmakow.com\/index.php\/smaczne-jedzenie-poznan-harmonia\/"},"modified":"2018-01-20T15:46:10","modified_gmt":"2018-01-20T14:46:10","slug":"smaczne-jedzenie-poznan-harmonia","status":"publish","type":"page","link":"https:\/\/restauracja.harmoniasmakow.com\/index.php\/smaczne-jedzenie-poznan-harmonia\/","title":{"rendered":"Restauracja"},"content":{"rendered":"<p><span style=\"color: #000000;\">\u00a0<\/span><\/p>\n<p><span style=\"color: #000000;\">\u00a0<\/span><\/p>\n<p align=\"center\"><span style=\"color: #000000;\">\u00a0<\/span><\/p>\n<p align=\"center\"><span style=\"color: #000000;\"><img fetchpriority=\"high\" decoding=\"async\" class=\" size-full wp-image-32\" style=\"vertical-align: middle; display: block; margin-left: auto; margin-right: auto;\" src=\"https:\/\/restauracja.harmoniasmakow.com\/wp-content\/uploads\/2018\/01\/menu2.png\" width=\"806\" height=\"87\" border=\"0\" srcset=\"https:\/\/restauracja.harmoniasmakow.com\/wp-content\/uploads\/2018\/01\/menu2.png 950w, https:\/\/restauracja.harmoniasmakow.com\/wp-content\/uploads\/2018\/01\/menu2-300x32.png 300w, https:\/\/restauracja.harmoniasmakow.com\/wp-content\/uploads\/2018\/01\/menu2-768x82.png 768w\" sizes=\"(max-width: 806px) 100vw, 806px\" \/><\/span><\/p>\n<pre style=\"text-align: center;\"><span style=\"color: #ff0000;\"><span style=\"font-size: medium; font-family: arial, helvetica, sans-serif;\"><strong>W Restauracji Harmonia Smak\u00f3w<br \/>w niezwyk\u0142y nastr\u00f3j wprowadz\u0105 Pa\u0144stwa dania tradycyjne przygotowane <br \/>z najlepszych, \u015bwie\u017cych i oryginalnych produkt\u00f3w, <\/strong><\/span><span style=\"font-size: medium; font-family: arial, helvetica, sans-serif;\"><strong>przyrz\u0105dzone przy u\u017cyciu najnowocze\u015bniejszych <br \/>urz\u0105dze\u0144 i technologii stosowanych przez mistrz\u00f3w \u015bwiatowej kuchni.<\/strong><\/span> <\/span><\/pre>\n<p align=\"center\"><span style=\"font-size: 14pt; color: #ffff00;\">\u00a0<span style=\"font-size: 18pt;\">Codziennie dost\u0119pne s\u0105 dania dnia.<\/span><\/span><\/p>\n<p align=\"center\"><span style=\"font-size: 14pt; color: #ffff00;\"><span style=\"font-size: 18pt;\">Proponujemy r\u00f3wnie\u017c potrawy z karty menu.<\/span><\/span><\/p>\n<p style=\"text-align: center;\"><span style=\"color: #ffff00; font-size: 18pt;\"><strong>Zestawy familijne<\/strong><\/span><\/p>\n<p style=\"text-align: center;\"><span style=\"text-decoration: underline; font-size: 12pt; color: #ffff00;\"><strong>Zestaw na 3 osoby &#8211; 5 porcji mi\u0119sa + dodatki<\/strong><\/span><\/p>\n<p style=\"text-align: center;\"><span style=\"color: #ffff00; font-size: 12pt;\">Kotlet de volaille 2 porcje, zraz wieprzowy z pieczarkami i cebul\u0105 2 porcje, nuggetsy 1 porcja<\/span><\/p>\n<p style=\"text-align: center;\"><span style=\"color: #ffff00; font-size: 12pt;\">Dodatki &#8211; ziemniaki, pyzy, sos pieczeniowy, zestaw sur\u00f3wek. 95,00 z\u0142.<br \/><\/span><\/p>\n<p style=\"text-align: center;\"><span style=\"text-decoration: underline; font-size: 12pt; color: #ffff00;\"><strong>Zestaw na 4 osoby &#8211; 6 porcji mi\u0119sa + dodatki<\/strong><\/span><\/p>\n<p style=\"text-align: center;\"><span style=\"color: #ffff00; font-size: 12pt;\">Kotlet de volaille 2 porcje, zraz wieprzowy z pieczarkami i cebul\u0105 2 porcje, nuggetsy 2 porcje<\/span><\/p>\n<p style=\"text-align: center;\"><span style=\"color: #ffff00; font-size: 12pt;\">Dodatki &#8211; ziemniaki, pyzy, sos pieczeniowy, zestaw sur\u00f3wek. 115,00 z\u0142.<br \/><\/span><\/p>\n<p style=\"text-align: center;\"><span style=\"text-decoration: underline; font-size: 12pt; color: #ffff00;\"><strong>Zestaw na 5 os\u00f3b &#8211; 8 porcji mi\u0119sa + dodatki<\/strong><\/span><\/p>\n<p style=\"text-align: center;\"><span style=\"color: #ffff00; font-size: 12pt;\">Kotlet de volaille 3 porcje, zraz wieprzowy z pieczarkami i cebul\u0105 3 porcje, nuggetsy 2 porcje<\/span><\/p>\n<p style=\"text-align: center;\"><span style=\"color: #ffff00; font-size: 12pt;\">Dodatki &#8211; ziemniaki, pyzy, sos pieczeniowy, zestaw sur\u00f3wek. 138,00 z\u0142.<br \/><\/span><\/p>\n<p style=\"text-align: center;\"><span style=\"color: #ffff00;\">\u00a0<\/span><\/p>\n<p style=\"text-align: center;\"><span style=\"color: #ffff00; font-size: 12pt;\"><strong>Zupy <\/strong><\/span><\/p>\n<p style=\"text-align: center;\"><span style=\"color: #ffff00; font-size: 12pt;\">\u017burek z jajkiem. 11,00 z\u0142.<\/span><\/p>\n<p style=\"text-align: center;\"><span style=\"color: #ffff00; font-size: 12pt;\">Czernina z owocami suszonymi, kluskami k\u0142adzionymi.\u00a0 14,00 z\u0142.<\/span><\/p>\n<p style=\"text-align: center;\"><span style=\"color: #ffff00; font-size: 12pt;\">Zupa pomidorowa z kluseczkami. 9,00 z\u0142.<\/span><\/p>\n<p style=\"text-align: center;\"><span style=\"color: #ffff00; font-size: 12pt;\">Zupa kr\u00f3lewska. 11,00 z\u0142<\/span><\/p>\n<p style=\"text-align: center;\"><span style=\"font-size: 12pt; color: #ffff00;\"><strong>Potrawy Ciep\u0142e<\/strong><\/span><\/p>\n<p style=\"text-align: center;\"><span style=\"font-size: 12pt; color: #ffff00;\"><strong>Roladka gajowego &#8211; <\/strong>Roladka z dzika z kopytkami, sosem pieczeniowym i modr\u0105 kapust\u0105 na ciep\u0142o. 34,00 z\u0142.<\/span><\/p>\n<p style=\"text-align: center;\"><span style=\"font-size: 12pt; color: #ffff00;\"><strong>Skwiercz\u0105ca pol\u0119dwiczka<\/strong> &#8211; Pol\u0119dwiczka serwowana na patelni z boczkiem, pieczarkami i cebulk\u0105, ziemniakami opiekanymi, bukietem sur\u00f3wek. 34,00 z\u0142.<\/span><\/p>\n<p style=\"text-align: center;\"><span style=\"font-size: 12pt; color: #ffff00;\"><strong>Rolowana wo\u0142owina<\/strong>\u00a0 &#8211; Rolada wo\u0142owa ze szparagami i \u017c\u00f3\u0142tym serem podana z ziemniakami opiekanymi i zestawem sur\u00f3wek. 35,00 z\u0142.<\/span><\/p>\n<p style=\"text-align: center;\"><span style=\"font-size: 12pt; color: #ffff00;\"><strong>Le\u015bny kurczak &#8211; <\/strong>Grillowana pier\u015b kurczaka w sosie sza\u0142wiowym podana na puree ziemniaczano &#8211; selerowym i bukietem sur\u00f3wek. 32,00 z\u0142.<\/span><\/p>\n<p style=\"text-align: center;\"><span style=\"font-size: 12pt; color: #ffff00;\"><strong>Skarb Neptuna <\/strong>\u2013 Pstr\u0105g \u0142ososiowy w sosie szafranowo &#8211; cytrynowym podany na puree ziemniaczano &#8211; selerowym, bukiet sur\u00f3wek. 33,00 z\u0142.<\/span><\/p>\n<p style=\"text-align: center;\"><span style=\"font-size: 12pt; color: #ffff00;\"><strong>Nale\u015bnik wega\u0144ski<\/strong> &#8211; M\u0105ka kukurydziana, tofu, pomidor, sa\u0142ata lodowa. 22,00 z\u0142.<\/span><\/p>\n<p style=\"text-align: center;\"><span style=\"font-size: 12pt; color: #ffff00;\"><strong>Nale\u015bnik bezglutenowy<\/strong> &#8211; M\u0105ka kukurydziana, szarpana wieprzowina, majonez, og\u00f3rek konserwowy, sa\u0142ata lodowa. 22,00 z\u0142<\/span><\/p>\n<p style=\"text-align: center;\"><span style=\"font-size: 12pt; color: #ffff00;\"><strong>Sa\u0142atka szefa kuchni &#8211; <\/strong>Grillowany kurczak z sa\u0142atami, pomidorkiem, og\u00f3rkiem, sos jogurtowy. 19,00 z\u0142.<\/span><\/p>\n<p style=\"text-align: center;\"><span style=\"font-size: 12pt; color: #ffff00;\"><strong>Sa\u0142atka ko\u0142odzieja<\/strong> &#8211; Panierowany ser camembert, sa\u0142ata, og\u00f3rek, pomidor, s\u0142onecznik, sos balsamiczny. 19,00 z\u0142.<\/span><\/p>\n<p style=\"text-align: center;\"><span style=\"font-size: 12pt; color: #ffff00;\"><strong>Przysmak ma\u0142ej ksi\u0119\u017cniczki<\/strong> \u2013 Nuggetsy z frytkami i sur\u00f3wk\u0105. 21,00 z\u0142.<\/span><\/p>\n<p style=\"text-align: center;\"><span style=\"font-size: 12pt; color: #ffff00;\"><strong>Przysmak ma\u0142ego \u017co\u0142nierza<\/strong> &#8211; Penne w sosie bolo\u0144skim. 19,00 z\u0142.<\/span><\/p>\n<p style=\"text-align: center;\"><span style=\"font-size: 12pt; color: #ffff00;\"><strong>Mini pierogi z mi\u0119sem<\/strong> 17,00 z\u0142.<\/span><\/p>\n<p style=\"text-align: center;\"><span style=\"font-size: 12pt; color: #ffff00;\"><strong>Mini pierogi z borowikami<\/strong> 17,00 z\u0142.<\/span><\/p>\n<p style=\"text-align: center;\"><span style=\"font-size: 12pt; color: #ffff00;\"><strong>Pierogi<\/strong><\/span><\/p>\n<p style=\"text-align: center;\"><span style=\"font-size: 12pt; color: #ffff00;\"><strong>Pierogi firmowe ze szpinakiem 8 szt. 19,00 z\u0142.<\/strong><\/span><\/p>\n<p style=\"text-align: center;\"><span style=\"font-size: 12pt; color: #ffff00;\"><strong>Pierogi firmowe z mi\u0119sem 8 szt. 19,00 z\u0142.<\/strong><\/span><\/p>\n<p style=\"text-align: center;\"><span style=\"font-size: 12pt; color: #ffff00;\"><strong>Pierogi ukrai\u0144skie z farszem z ziemniak\u00f3w i pieczarek<\/strong><\/span><\/p>\n<p style=\"text-align: center;\"><span style=\"font-size: 12pt; color: #ffff00;\"><strong>podsma\u017cane podawane z dipem jogurtowym 8 szt. 19,00 z\u0142.<\/strong><\/span><\/p>\n<p style=\"text-align: center;\"><span style=\"font-size: 12pt; color: #ffff00;\"><strong>Pierogi z serem 8 szt. 19,00 z\u0142.<\/strong><\/span><\/p>\n<p style=\"text-align: center;\"><span style=\"font-size: 12pt; color: #ffff00;\">\u00a0\u00a0\u00a0\u00a0\u00a0\u00a0\u00a0\u00a0\u00a0\u00a0\u00a0\u00a0\u00a0\u00a0\u00a0\u00a0\u00a0\u00a0\u00a0\u00a0\u00a0\u00a0\u00a0\u00a0\u00a0\u00a0 \u00a0\u00a0\u00a0\u00a0\u00a0\u00a0\u00a0\u00a0\u00a0\u00a0\u00a0\u00a0\u00a0\u00a0\u00a0\u00a0\u00a0\u00a0\u00a0\u00a0\u00a0\u00a0\u00a0\u00a0\u00a0\u00a0\u00a0\u00a0\u00a0\u00a0\u00a0\u00a0\u00a0\u00a0\u00a0\u00a0\u00a0\u00a0\u00a0\u00a0\u00a0\u00a0\u00a0\u00a0\u00a0\u00a0\u00a0\u00a0\u00a0\u00a0\u00a0\u00a0\u00a0\u00a0\u00a0\u00a0\u00a0\u00a0\u00a0\u00a0\u00a0\u00a0\u00a0\u00a0\u00a0\u00a0\u00a0\u00a0\u00a0\u00a0\u00a0\u00a0\u00a0\u00a0\u00a0\u00a0\u00a0\u00a0\u00a0\u00a0\u00a0\u00a0\u00a0\u00a0\u00a0\u00a0\u00a0\u00a0\u00a0\u00a0\u00a0\u00a0\u00a0\u00a0\u00a0\u00a0\u00a0\u00a0\u00a0\u00a0\u00a0\u00a0\u00a0\u00a0\u00a0\u00a0\u00a0\u00a0\u00a0\u00a0\u00a0 <br \/><\/span><\/p>\n<p style=\"text-align: center;\"><span style=\"font-size: 12pt; color: #ffff00;\"><strong>Desery<\/strong><\/span><\/p>\n<p style=\"text-align: center;\"><span style=\"font-size: 12pt; color: #ffff00;\"><strong>Symfonia smak\u00f3w\u00a0 &#8211; <\/strong>Deser lodowy z owocami i bit\u0105 \u015bmietan\u0105. 13,00 z\u0142.<\/span><\/p>\n<p style=\"text-align: center;\"><span style=\"font-size: 12pt; color: #ffff00;\"><strong>Z\u0142ota reneta &#8211; <\/strong>Gor\u0105ca szarlotka podana z lodami waniliowymi i bit\u0105 \u015bmietan\u0105. 15,00 z\u0142.<\/span><\/p>\n<p style=\"text-align: center;\"><span style=\"font-size: 12pt; color: #ffff00;\"><strong>Deser s\u0142odka pokusa<\/strong> &#8211; 4 ga\u0142ki lod\u00f3w z polew\u0105 czekoladow\u0105. 10,00 z\u0142<\/span><\/p>\n<p><span style=\"color: #ffff00;\">\u00a0<\/span><\/p>\n<pre style=\"text-align: center;\"><br \/><br \/><\/pre>\n<p><span style=\"color: #000000;\">\u00a0<\/span><\/p>\n<p><img decoding=\"async\" class=\" size-full wp-image-32\" style=\"vertical-align: middle; display: block; margin-left: auto; margin-right: auto;\" src=\"https:\/\/restauracja.harmoniasmakow.com\/wp-content\/uploads\/2018\/01\/menu2.png\" border=\"0\" width=\"950\" height=\"101\" srcset=\"https:\/\/restauracja.harmoniasmakow.com\/wp-content\/uploads\/2018\/01\/menu2.png 950w, https:\/\/restauracja.harmoniasmakow.com\/wp-content\/uploads\/2018\/01\/menu2-300x32.png 300w, https:\/\/restauracja.harmoniasmakow.com\/wp-content\/uploads\/2018\/01\/menu2-768x82.png 768w\" sizes=\"(max-width: 950px) 100vw, 950px\" \/><\/p>\n<div style=\"text-align: center;\">\u00a0<\/div>\n","protected":false},"excerpt":{"rendered":"<p>\u00a0 \u00a0 \u00a0 W Restauracji Harmonia Smak\u00f3ww niezwyk\u0142y nastr\u00f3j wprowadz\u0105 Pa\u0144stwa dania tradycyjne przygotowane z najlepszych, \u015bwie\u017cych i oryginalnych produkt\u00f3w, przyrz\u0105dzone przy u\u017cyciu najnowocze\u015bniejszych urz\u0105dze\u0144 i technologii stosowanych przez mistrz\u00f3w \u015bwiatowej kuchni. \u00a0Codziennie dost\u0119pne s\u0105 dania dnia. Proponujemy r\u00f3wnie\u017c potrawy z karty menu. Zestawy familijne Zestaw na 3 osoby &#8211; 5 porcji mi\u0119sa + dodatki Kotlet de volaille 2 porcje, zraz wieprzowy z pieczarkami i cebul\u0105 2 porcje, nuggetsy 1 porcja Dodatki &#8211; ziemniaki, pyzy, sos pieczeniowy, zestaw sur\u00f3wek. 95,00 z\u0142. Zestaw na 4 osoby &#8211; 6 porcji mi\u0119sa + dodatki Kotlet de volaille 2 porcje, zraz wieprzowy z pieczarkami i cebul\u0105 2 porcje, nuggetsy 2 porcje Dodatki &#8211; ziemniaki, pyzy, sos pieczeniowy, zestaw sur\u00f3wek. 115,00 z\u0142. Zestaw na 5 os\u00f3b &#8211; 8 porcji mi\u0119sa + dodatki Kotlet de volaille 3 porcje, zraz wieprzowy z pieczarkami i cebul\u0105 3 porcje, nuggetsy 2 porcje Dodatki &#8211; ziemniaki, pyzy, sos pieczeniowy, zestaw sur\u00f3wek. 138,00 z\u0142. \u00a0 Zupy \u017burek z jajkiem. 11,00 z\u0142. Czernina z owocami suszonymi, kluskami k\u0142adzionymi.\u00a0 14,00 z\u0142. Zupa pomidorowa z kluseczkami. 9,00 z\u0142. Zupa kr\u00f3lewska. 11,00 z\u0142 Potrawy Ciep\u0142e Roladka gajowego &#8211; Roladka z dzika z kopytkami, sosem pieczeniowym i modr\u0105 kapust\u0105 na ciep\u0142o. 34,00 z\u0142. Skwiercz\u0105ca pol\u0119dwiczka &#8211; Pol\u0119dwiczka serwowana na patelni z boczkiem, pieczarkami i cebulk\u0105, ziemniakami opiekanymi, bukietem sur\u00f3wek. 34,00 z\u0142. Rolowana wo\u0142owina\u00a0 &#8211; Rolada wo\u0142owa ze szparagami i \u017c\u00f3\u0142tym serem podana z ziemniakami opiekanymi i zestawem sur\u00f3wek. 35,00 z\u0142. Le\u015bny kurczak &#8211; Grillowana pier\u015b kurczaka w sosie sza\u0142wiowym podana na puree ziemniaczano &#8211; selerowym i bukietem sur\u00f3wek. 32,00 z\u0142. Skarb Neptuna \u2013 Pstr\u0105g \u0142ososiowy w sosie szafranowo &#8211; cytrynowym podany na puree ziemniaczano &#8211; selerowym, bukiet sur\u00f3wek. 33,00 z\u0142. Nale\u015bnik wega\u0144ski &#8211; M\u0105ka kukurydziana, tofu, pomidor, sa\u0142ata lodowa. 22,00 z\u0142. Nale\u015bnik bezglutenowy &#8211; M\u0105ka kukurydziana, szarpana wieprzowina, majonez, og\u00f3rek konserwowy, sa\u0142ata lodowa. 22,00 z\u0142 Sa\u0142atka szefa kuchni &#8211; Grillowany kurczak z sa\u0142atami, pomidorkiem, og\u00f3rkiem, sos jogurtowy. 19,00 z\u0142. Sa\u0142atka ko\u0142odzieja &#8211; Panierowany ser camembert, sa\u0142ata, og\u00f3rek, pomidor, s\u0142onecznik, sos balsamiczny. 19,00 z\u0142. Przysmak ma\u0142ej ksi\u0119\u017cniczki \u2013 Nuggetsy z frytkami i sur\u00f3wk\u0105. 21,00 z\u0142. Przysmak ma\u0142ego \u017co\u0142nierza &#8211; Penne w sosie bolo\u0144skim. 19,00 z\u0142. Mini pierogi z mi\u0119sem 17,00 z\u0142. Mini pierogi z borowikami 17,00 z\u0142. Pierogi Pierogi firmowe ze szpinakiem 8 szt. 19,00 z\u0142. Pierogi firmowe z mi\u0119sem 8 szt. 19,00 z\u0142. Pierogi ukrai\u0144skie z farszem z ziemniak\u00f3w i pieczarek podsma\u017cane podawane z dipem jogurtowym 8 szt. 19,00 z\u0142. Pierogi z serem 8 szt. 19,00 z\u0142. \u00a0\u00a0\u00a0\u00a0\u00a0\u00a0\u00a0\u00a0\u00a0\u00a0\u00a0\u00a0\u00a0\u00a0\u00a0\u00a0\u00a0\u00a0\u00a0\u00a0\u00a0\u00a0\u00a0\u00a0\u00a0\u00a0 \u00a0\u00a0\u00a0\u00a0\u00a0\u00a0\u00a0\u00a0\u00a0\u00a0\u00a0\u00a0\u00a0\u00a0\u00a0\u00a0\u00a0\u00a0\u00a0\u00a0\u00a0\u00a0\u00a0\u00a0\u00a0\u00a0\u00a0\u00a0\u00a0\u00a0\u00a0\u00a0\u00a0\u00a0\u00a0\u00a0\u00a0\u00a0\u00a0\u00a0\u00a0\u00a0\u00a0\u00a0\u00a0\u00a0\u00a0\u00a0\u00a0\u00a0\u00a0\u00a0\u00a0\u00a0\u00a0\u00a0\u00a0\u00a0\u00a0\u00a0\u00a0\u00a0\u00a0\u00a0\u00a0\u00a0\u00a0\u00a0\u00a0\u00a0\u00a0\u00a0\u00a0\u00a0\u00a0\u00a0\u00a0\u00a0\u00a0\u00a0\u00a0\u00a0\u00a0\u00a0\u00a0\u00a0\u00a0\u00a0\u00a0\u00a0\u00a0\u00a0\u00a0\u00a0\u00a0\u00a0\u00a0\u00a0\u00a0\u00a0\u00a0\u00a0\u00a0\u00a0\u00a0\u00a0\u00a0\u00a0\u00a0\u00a0\u00a0 Desery Symfonia smak\u00f3w\u00a0 &#8211; Deser lodowy z owocami i bit\u0105 \u015bmietan\u0105. 13,00 z\u0142. Z\u0142ota reneta &#8211; Gor\u0105ca szarlotka podana z lodami waniliowymi i bit\u0105 \u015bmietan\u0105. 15,00 z\u0142. Deser s\u0142odka pokusa &#8211; 4 ga\u0142ki lod\u00f3w z polew\u0105 czekoladow\u0105. 10,00 z\u0142 \u00a0 \u00a0 \u00a0<\/p>\n","protected":false},"author":1,"featured_media":32,"parent":0,"menu_order":6,"comment_status":"closed","ping_status":"closed","template":"","meta":{"footnotes":""},"class_list":["post-33","page","type-page","status-publish","has-post-thumbnail","hentry"],"_links":{"self":[{"href":"https:\/\/restauracja.harmoniasmakow.com\/index.php\/wp-json\/wp\/v2\/pages\/33","targetHints":{"allow":["GET"]}}],"collection":[{"href":"https:\/\/restauracja.harmoniasmakow.com\/index.php\/wp-json\/wp\/v2\/pages"}],"about":[{"href":"https:\/\/restauracja.harmoniasmakow.com\/index.php\/wp-json\/wp\/v2\/types\/page"}],"author":[{"embeddable":true,"href":"https:\/\/restauracja.harmoniasmakow.com\/index.php\/wp-json\/wp\/v2\/users\/1"}],"replies":[{"embeddable":true,"href":"https:\/\/restauracja.harmoniasmakow.com\/index.php\/wp-json\/wp\/v2\/comments?post=33"}],"version-history":[{"count":0,"href":"https:\/\/restauracja.harmoniasmakow.com\/index.php\/wp-json\/wp\/v2\/pages\/33\/revisions"}],"wp:featuredmedia":[{"embeddable":true,"href":"https:\/\/restauracja.harmoniasmakow.com\/index.php\/wp-json\/wp\/v2\/media\/32"}],"wp:attachment":[{"href":"https:\/\/restauracja.harmoniasmakow.com\/index.php\/wp-json\/wp\/v2\/media?parent=33"}],"curies":[{"name":"wp","href":"https:\/\/api.w.org\/{rel}","templated":true}]}}