{"id":35,"date":"2018-01-20T15:46:39","date_gmt":"2018-01-20T14:46:39","guid":{"rendered":"https:\/\/restauracja.harmoniasmakow.com\/index.php\/spotkania-dla-firm-spotkania-biznesowe-poznan-pobiedziska-restauracja\/"},"modified":"2018-01-20T15:46:39","modified_gmt":"2018-01-20T14:46:39","slug":"spotkania-dla-firm-spotkania-biznesowe-poznan-pobiedziska-restauracja","status":"publish","type":"page","link":"https:\/\/restauracja.harmoniasmakow.com\/index.php\/spotkania-dla-firm-spotkania-biznesowe-poznan-pobiedziska-restauracja\/","title":{"rendered":"Spotkania dla Firm"},"content":{"rendered":"<p style=\"text-align: center;\"><img fetchpriority=\"high\" decoding=\"async\" class=\" size-full wp-image-34\" src=\"https:\/\/restauracja.harmoniasmakow.com\/wp-content\/uploads\/2018\/01\/12.jpg\" alt=\"\" width=\"404\" height=\"269\" srcset=\"https:\/\/restauracja.harmoniasmakow.com\/wp-content\/uploads\/2018\/01\/12.jpg 2000w, https:\/\/restauracja.harmoniasmakow.com\/wp-content\/uploads\/2018\/01\/12-300x200.jpg 300w, https:\/\/restauracja.harmoniasmakow.com\/wp-content\/uploads\/2018\/01\/12-1024x682.jpg 1024w, https:\/\/restauracja.harmoniasmakow.com\/wp-content\/uploads\/2018\/01\/12-768x512.jpg 768w, https:\/\/restauracja.harmoniasmakow.com\/wp-content\/uploads\/2018\/01\/12-1536x1024.jpg 1536w\" sizes=\"(max-width: 404px) 100vw, 404px\" \/><\/p>\n<p style=\"text-align: center;\"><span style=\"font-size: medium; color: #ffff00;\">Spotkanie dla Firm na pewno si\u0119 uda, je\u015bli<\/span><\/p>\n<p style=\"text-align: center;\"><span style=\"font-size: medium; color: #ffff00;\">nadamy mu odpowiedni\u0105 opraw\u0119, ale w trakcie<\/span><\/p>\n<p style=\"text-align: center;\"><span style=\"font-size: medium; color: #ffff00;\">nie b\u0119dziemy my\u015ble\u0107 o niczym innym jak tylko <\/span><\/p>\n<p style=\"text-align: center;\"><span style=\"font-size: medium; color: #ffff00;\">o swoich interesach.<\/span><\/p>\n<p style=\"text-align: center;\"><span style=\"font-size: medium; color: #ffff00;\">Zadbamy o Tw\u00f3j spok\u00f3j i damy Ci <\/span><\/p>\n<p style=\"text-align: center;\"><span style=\"font-size: medium; color: #ffff00;\">mo\u017cliwo\u015b\u0107&#8230;popracowa\u0107 lub \u015bwi\u0119towa\u0107.<\/span><\/p>\n<p style=\"text-align: center;\"><span style=\"font-size: medium; color: #ffff00;\"> Poufne negocjacje w osobnej sali?<\/span><\/p>\n<p style=\"text-align: center;\"><span style=\"font-size: medium; color: #ffff00;\"> Uroczysty bankiet z okazji otworzenia nowej siedziby?<\/span><\/p>\n<p style=\"text-align: center;\"><span style=\"font-size: medium; color: #ffff00;\"> Robocze spotkanie z Kontrahentami?<\/span><\/p>\n<p style=\"text-align: center;\"><span style=\"font-size: medium; color: #ffff00;\"> Impreza integracyjna dla pracownik\u00f3w Twojej Firmy?<\/span><\/p>\n<p style=\"text-align: center;\"><span style=\"font-size: medium; color: #ffff00;\"> Wykwintny obiad z okazji wizyty wa\u017cnych Go\u015bci?<\/span><\/p>\n<p style=\"text-align: center;\"><span style=\"font-size: medium; color: #ffff00;\"> Wigilijne spotkanie firmowe?<\/span><\/p>\n<p style=\"text-align: center;\"><span style=\"font-size: medium; color: #ffff00;\"> To tylko przyk\u0142ady okazji, kt\u00f3re mog\u0105 Pa\u0144stwo powierzy\u0107 naszej restauracji. <\/span><\/p>\n<p style=\"text-align: center;\"><span style=\"font-size: medium; color: #ffff00;\">A my nadamy im odpowiedni\u0105 opraw\u0119 zar\u00f3wno w naszej restauracji jak i w ka\u017cdym miejscu <\/span><\/p>\n<p style=\"text-align: center;\"><span style=\"font-size: medium; color: #ffff00;\">wskazanym przez Pa\u0144stwa. Szczeg\u00f3lnie zapraszamy do kameralnej sali idealnej na spotkania biznesowe <\/span><\/p>\n<p style=\"text-align: center;\"><span style=\"font-size: medium; color: #ffff00;\">o r\u00f3\u017cnym charakterze.<\/span><\/p>\n","protected":false},"excerpt":{"rendered":"<p>Spotkanie dla Firm na pewno si\u0119 uda, je\u015bli nadamy mu odpowiedni\u0105 opraw\u0119, ale w trakcie nie b\u0119dziemy my\u015ble\u0107 o niczym innym jak tylko o swoich interesach. Zadbamy o Tw\u00f3j spok\u00f3j i damy Ci mo\u017cliwo\u015b\u0107&#8230;popracowa\u0107 lub \u015bwi\u0119towa\u0107. Poufne negocjacje w osobnej sali? Uroczysty bankiet z okazji otworzenia nowej siedziby? Robocze spotkanie z Kontrahentami? Impreza integracyjna dla pracownik\u00f3w Twojej Firmy? Wykwintny obiad z okazji wizyty wa\u017cnych Go\u015bci? Wigilijne spotkanie firmowe? To tylko przyk\u0142ady okazji, kt\u00f3re mog\u0105 Pa\u0144stwo powierzy\u0107 naszej restauracji. A my nadamy im odpowiedni\u0105 opraw\u0119 zar\u00f3wno w naszej restauracji jak i w ka\u017cdym miejscu wskazanym przez Pa\u0144stwa. Szczeg\u00f3lnie zapraszamy do kameralnej sali idealnej na spotkania biznesowe o r\u00f3\u017cnym charakterze.<\/p>\n","protected":false},"author":1,"featured_media":34,"parent":0,"menu_order":5,"comment_status":"closed","ping_status":"closed","template":"","meta":{"footnotes":""},"class_list":["post-35","page","type-page","status-publish","has-post-thumbnail","hentry"],"_links":{"self":[{"href":"https:\/\/restauracja.harmoniasmakow.com\/index.php\/wp-json\/wp\/v2\/pages\/35","targetHints":{"allow":["GET"]}}],"collection":[{"href":"https:\/\/restauracja.harmoniasmakow.com\/index.php\/wp-json\/wp\/v2\/pages"}],"about":[{"href":"https:\/\/restauracja.harmoniasmakow.com\/index.php\/wp-json\/wp\/v2\/types\/page"}],"author":[{"embeddable":true,"href":"https:\/\/restauracja.harmoniasmakow.com\/index.php\/wp-json\/wp\/v2\/users\/1"}],"replies":[{"embeddable":true,"href":"https:\/\/restauracja.harmoniasmakow.com\/index.php\/wp-json\/wp\/v2\/comments?post=35"}],"version-history":[{"count":0,"href":"https:\/\/restauracja.harmoniasmakow.com\/index.php\/wp-json\/wp\/v2\/pages\/35\/revisions"}],"wp:featuredmedia":[{"embeddable":true,"href":"https:\/\/restauracja.harmoniasmakow.com\/index.php\/wp-json\/wp\/v2\/media\/34"}],"wp:attachment":[{"href":"https:\/\/restauracja.harmoniasmakow.com\/index.php\/wp-json\/wp\/v2\/media?parent=35"}],"curies":[{"name":"wp","href":"https:\/\/api.w.org\/{rel}","templated":true}]}}