{"id":36,"date":"2018-01-20T15:47:08","date_gmt":"2018-01-20T14:47:08","guid":{"rendered":"https:\/\/restauracja.harmoniasmakow.com\/index.php\/vouchery-poznan-pobiedziska-restauracja\/"},"modified":"2018-01-20T15:47:08","modified_gmt":"2018-01-20T14:47:08","slug":"vouchery-poznan-pobiedziska-restauracja","status":"publish","type":"page","link":"https:\/\/restauracja.harmoniasmakow.com\/index.php\/vouchery-poznan-pobiedziska-restauracja\/","title":{"rendered":"Vouchery"},"content":{"rendered":"<p style=\"text-align: center;\">\u00a0 <\/p>\n<p style=\"text-align: center;\"><span style=\"font-family: arial, helvetica, sans-serif; color: #ff00ff; font-size: 12pt;\">Proponujemy Pa\u0144stwu zaproszenia w formie bonu podarunkowego jako oryginalny i ekskluzywny <\/span><\/p>\n<p style=\"text-align: center;\"><span style=\"font-family: arial, helvetica, sans-serif; color: #ff00ff; font-size: 12pt;\">prezent dla bliskiej osoby, partner\u00f3w biznesowych czy pracownik\u00f3w firmy. <\/span><\/p>\n<p style=\"text-align: center;\"><span style=\"font-family: arial, helvetica, sans-serif; color: #ff00ff; font-size: 12pt;\"> W ramach ustalonej kwoty, obdarowana osoba dokonuje wyboru menu \u00e0 la carte.<\/span><\/p>\n<p style=\"text-align: center;\"><span style=\"font-family: arial, helvetica, sans-serif; color: #ff00ff; font-size: 12pt;\">Dodatkowo, zapewniamy odpowiedni\u0105 aran\u017cacj\u0119 stolika, stosown\u0105 do danej okazji.<\/span><\/p>\n<p style=\"text-align: center;\"><span style=\"font-family: arial, helvetica, sans-serif; color: #ff00ff; font-size: 12pt;\">Oferowane bony podarunkowe wykorzystywane s\u0105 m.in. jako:<\/span><\/p>\n<p style=\"text-align: center;\"><span style=\"font-family: arial, helvetica, sans-serif; color: #ff00ff; font-size: 12pt;\">prezent z okazji urodzin, imienin, rocznicy, walentynek itp.,<\/span><\/p>\n<p style=\"text-align: center;\"><span style=\"font-family: arial, helvetica, sans-serif; color: #ff00ff; font-size: 12pt;\"> nagrody i prezenty dla pracownik\u00f3w oraz kontrahent\u00f3w,<\/span><\/p>\n<p style=\"text-align: center;\"><span style=\"font-family: arial, helvetica, sans-serif; color: #ff00ff; font-size: 12pt;\"> firmowe prezenty okoliczno\u015bciowe i nagrody w konkursach,<\/span><\/p>\n<p style=\"text-align: center;\"><span style=\"font-family: arial, helvetica, sans-serif; color: #ff00ff; font-size: 12pt;\"> upominkowe bony \u015bwi\u0105teczne. <\/span><\/p>\n<p style=\"text-align: center;\"><span style=\"font-family: arial, helvetica, sans-serif; color: #ff00ff; font-size: 12pt;\"> Zaproszenia wykonywane s\u0105 na indywidualne zam\u00f3wienie z mo\u017cliwo\u015bci\u0105 personalizacji <\/span><\/p>\n<p style=\"text-align: center;\"><span style=\"font-family: arial, helvetica, sans-serif; color: #ff00ff; font-size: 12pt;\"> Termin realizacji bonu jest ustalany do sze\u015bciu miesi\u0119cy od daty zakupu.<\/span><\/p>\n<p>\u00a0<\/p>\n","protected":false},"excerpt":{"rendered":"<p>\u00a0 Proponujemy Pa\u0144stwu zaproszenia w formie bonu podarunkowego jako oryginalny i ekskluzywny prezent dla bliskiej osoby, partner\u00f3w biznesowych czy pracownik\u00f3w firmy. W ramach ustalonej kwoty, obdarowana osoba dokonuje wyboru menu \u00e0 la carte. Dodatkowo, zapewniamy odpowiedni\u0105 aran\u017cacj\u0119 stolika, stosown\u0105 do danej okazji. Oferowane bony podarunkowe wykorzystywane s\u0105 m.in. jako: prezent z okazji urodzin, imienin, rocznicy, walentynek itp., nagrody i prezenty dla pracownik\u00f3w oraz kontrahent\u00f3w, firmowe prezenty okoliczno\u015bciowe i nagrody w konkursach, upominkowe bony \u015bwi\u0105teczne. Zaproszenia wykonywane s\u0105 na indywidualne zam\u00f3wienie z mo\u017cliwo\u015bci\u0105 personalizacji Termin realizacji bonu jest ustalany do sze\u015bciu miesi\u0119cy od daty zakupu. \u00a0<\/p>\n","protected":false},"author":1,"featured_media":0,"parent":0,"menu_order":4,"comment_status":"closed","ping_status":"closed","template":"","meta":{"footnotes":""},"class_list":["post-36","page","type-page","status-publish","hentry"],"_links":{"self":[{"href":"https:\/\/restauracja.harmoniasmakow.com\/index.php\/wp-json\/wp\/v2\/pages\/36","targetHints":{"allow":["GET"]}}],"collection":[{"href":"https:\/\/restauracja.harmoniasmakow.com\/index.php\/wp-json\/wp\/v2\/pages"}],"about":[{"href":"https:\/\/restauracja.harmoniasmakow.com\/index.php\/wp-json\/wp\/v2\/types\/page"}],"author":[{"embeddable":true,"href":"https:\/\/restauracja.harmoniasmakow.com\/index.php\/wp-json\/wp\/v2\/users\/1"}],"replies":[{"embeddable":true,"href":"https:\/\/restauracja.harmoniasmakow.com\/index.php\/wp-json\/wp\/v2\/comments?post=36"}],"version-history":[{"count":0,"href":"https:\/\/restauracja.harmoniasmakow.com\/index.php\/wp-json\/wp\/v2\/pages\/36\/revisions"}],"wp:attachment":[{"href":"https:\/\/restauracja.harmoniasmakow.com\/index.php\/wp-json\/wp\/v2\/media?parent=36"}],"curies":[{"name":"wp","href":"https:\/\/api.w.org\/{rel}","templated":true}]}}