{"id":57,"date":"2018-01-20T15:48:30","date_gmt":"2018-01-20T14:48:30","guid":{"rendered":"https:\/\/restauracja.harmoniasmakow.com\/index.php\/sala-weselna-poznan\/"},"modified":"2018-01-20T15:48:30","modified_gmt":"2018-01-20T14:48:30","slug":"sala-weselna-poznan","status":"publish","type":"page","link":"https:\/\/restauracja.harmoniasmakow.com\/index.php\/sala-weselna-poznan\/","title":{"rendered":"Wesela"},"content":{"rendered":"<p style=\"text-align: center;\"><span style=\"font-size: 18pt; color: #ffffff;\"><strong><span style=\"font-family: arial black, avant garde;\">Zapraszamy do zapoznania si\u0119 z ofert\u0105 weseln\u0105 <\/span><\/strong><\/span><\/p>\n<p style=\"text-align: center;\"><span style=\"font-size: 18pt; color: #ffffff;\"><strong><span style=\"font-family: arial black, avant garde;\">w restauracji Harmonia Smak\u00f3w.<\/span><\/strong><\/span><\/p>\n<p style=\"text-align: center;\"><span style=\"color: #ffffff;\">\u00a0<a style=\"color: #ffffff;\" title=\"http:\/\/www.symfoniasmakow.com\/\" href=\"http:\/\/www.symfoniasmakow.com\/\" target=\"_blank\" rel=\"noopener noreferrer\"><img decoding=\"async\" src=\"https:\/\/restauracja.harmoniasmakow.com\/wp-content\/uploads\/2018\/01\/Fotolia_.jpg\" width=\"400\" \/><\/a><\/span><\/p>\n<p style=\"text-align: center;\"><span style=\"font-size: 12pt; color: #ffffff;\">Jeste\u015bmy przekonani, \u017ce powierzaj\u0105c nam organizacj\u0119 Przyj\u0119cia Weselnego dokonuj\u0105 Pa\u0144stwo trafnego wyboru.<\/span><\/p>\n<p style=\"text-align: center;\"><span style=\"font-size: 12pt; color: #ffffff;\">Nasz do\u015bwiadczony zesp\u00f3\u0142 z przyjemno\u015bci\u0105 zorganizuje przyj\u0119cie Pa\u0144stwa marze\u0144. Udzielimy wielu cennych wskaz\u00f3wek<\/span><\/p>\n<p style=\"text-align: center;\"><span style=\"font-size: 12pt; color: #ffffff;\">dotycz\u0105cych skomponowania odpowiedniego menu, przygotowania dodatkowych atrakcji, dekoracji oraz oprawy przyj\u0119cia<\/span><\/p>\n<p style=\"text-align: center;\"><span style=\"font-size: 12pt; color: #ffffff;\">weselnego uwzgl\u0119dniaj\u0105c specjalne preferencje M\u0142odej Pary oraz \u017cyczenia go\u015bci.<\/span><\/p>\n<p><span style=\"color: #ffffff;\">\u00a0<\/span><\/p>\n<p style=\"text-align: center;\"><span style=\"font-size: 14pt; color: #ffffff;\"><strong>Propozycja Diamentowa <\/strong><\/span><\/p>\n<p style=\"text-align: center;\"><span style=\"font-size: 14pt; color: #ffffff;\"><strong>Koszt przyj\u0119cia weselnego wynosi 159 z\u0142 od osoby.<\/strong><\/span><\/p>\n<p style=\"text-align: center;\"><span style=\"font-size: 12pt; color: #ffffff;\">Propozycja cenowa obejmuje: staropolskie powitanie chlebem i sol\u0105, <\/span><\/p>\n<p style=\"text-align: center;\"><span style=\"font-size: 12pt; color: #ffffff;\">wino musuj\u0105ce na przywitanie Go\u015bci,<\/span><\/p>\n<p style=\"text-align: center;\"><span style=\"font-size: 12pt; color: #ffffff;\"> zup\u0119, 3 porcj\u0119 mi\u0119sa na osob\u0119, 3 rodzaje dodatk\u00f3w, <\/span><\/p>\n<p style=\"text-align: center;\"><span style=\"font-size: 12pt; color: #ffffff;\">3 rodzaje sur\u00f3wek + warzywa na ciep\u0142o, sosy na ciep\u0142o, <\/span><\/p>\n<p style=\"text-align: center;\"><span style=\"font-size: 12pt; color: #ffffff;\">deser lub s\u0142odkie 2 porcje na osob\u0119, <\/span><\/p>\n<p style=\"text-align: center;\"><span style=\"font-size: 12pt; color: #ffffff;\">zimne zak\u0105ski 3 porcje na osob\u0119, ciep\u0142y posi\u0142ek<\/span><\/p>\n<p style=\"text-align: center;\"><span style=\"font-size: 12pt; color: #ffffff;\">po p\u00f3\u0142nocy (zupa, mi\u0119so 1,5 porcji na osob\u0119), <\/span><\/p>\n<p style=\"text-align: center;\"><span style=\"font-size: 12pt; color: #ffffff;\">patery z owocami, bufet kawowy bez limitu, <\/span><\/p>\n<p style=\"text-align: center;\"><span style=\"font-size: 12pt; color: #ffffff;\">pi\u0119kn\u0105 dekoracj\u0119 sali \u017cywymi kwiatami<br \/><\/span><\/p>\n<p style=\"text-align: center;\"><span style=\"font-family: arial black, avant garde; font-size: 12pt; color: #ffffff;\"> Serdecznie zapraszamy<\/span><\/p>\n<p><span style=\"color: #000000;\">\u00a0<\/span><\/p>\n<p style=\"text-align: center;\"><span style=\"color: #000000;\">\u00a0<img decoding=\"async\" class=\" size-full wp-image-39\" src=\"https:\/\/restauracja.harmoniasmakow.com\/wp-content\/uploads\/2018\/01\/1w.jpg\" width=\"300\" srcset=\"https:\/\/restauracja.harmoniasmakow.com\/wp-content\/uploads\/2018\/01\/1w.jpg 1181w, https:\/\/restauracja.harmoniasmakow.com\/wp-content\/uploads\/2018\/01\/1w-300x180.jpg 300w, https:\/\/restauracja.harmoniasmakow.com\/wp-content\/uploads\/2018\/01\/1w-1024x615.jpg 1024w, https:\/\/restauracja.harmoniasmakow.com\/wp-content\/uploads\/2018\/01\/1w-768x461.jpg 768w\" sizes=\"(max-width: 1181px) 100vw, 1181px\" \/>\u00a0\u00a0 <img decoding=\"async\" class=\" size-full wp-image-40\" src=\"https:\/\/restauracja.harmoniasmakow.com\/wp-content\/uploads\/2018\/01\/4w.jpg\" width=\"300\" srcset=\"https:\/\/restauracja.harmoniasmakow.com\/wp-content\/uploads\/2018\/01\/4w.jpg 1181w, https:\/\/restauracja.harmoniasmakow.com\/wp-content\/uploads\/2018\/01\/4w-300x180.jpg 300w, https:\/\/restauracja.harmoniasmakow.com\/wp-content\/uploads\/2018\/01\/4w-1024x615.jpg 1024w, https:\/\/restauracja.harmoniasmakow.com\/wp-content\/uploads\/2018\/01\/4w-768x461.jpg 768w\" sizes=\"(max-width: 1181px) 100vw, 1181px\" \/>\u00a0\u00a0 <img decoding=\"async\" class=\" size-full wp-image-41\" src=\"https:\/\/restauracja.harmoniasmakow.com\/wp-content\/uploads\/2018\/01\/5w.jpg\" width=\"300\" srcset=\"https:\/\/restauracja.harmoniasmakow.com\/wp-content\/uploads\/2018\/01\/5w.jpg 1181w, https:\/\/restauracja.harmoniasmakow.com\/wp-content\/uploads\/2018\/01\/5w-300x180.jpg 300w, https:\/\/restauracja.harmoniasmakow.com\/wp-content\/uploads\/2018\/01\/5w-1024x615.jpg 1024w, https:\/\/restauracja.harmoniasmakow.com\/wp-content\/uploads\/2018\/01\/5w-768x461.jpg 768w\" sizes=\"(max-width: 1181px) 100vw, 1181px\" \/>\u00a0<\/span><\/p>\n<p style=\"text-align: center;\">\u00a0 <img decoding=\"async\" class=\" size-full wp-image-42\" src=\"https:\/\/restauracja.harmoniasmakow.com\/wp-content\/uploads\/2018\/01\/6w.jpg\" width=\"300\" srcset=\"https:\/\/restauracja.harmoniasmakow.com\/wp-content\/uploads\/2018\/01\/6w.jpg 1181w, https:\/\/restauracja.harmoniasmakow.com\/wp-content\/uploads\/2018\/01\/6w-300x180.jpg 300w, https:\/\/restauracja.harmoniasmakow.com\/wp-content\/uploads\/2018\/01\/6w-1024x615.jpg 1024w, https:\/\/restauracja.harmoniasmakow.com\/wp-content\/uploads\/2018\/01\/6w-768x461.jpg 768w\" sizes=\"(max-width: 1181px) 100vw, 1181px\" \/>\u00a0\u00a0 <img decoding=\"async\" class=\" size-full wp-image-43\" src=\"https:\/\/restauracja.harmoniasmakow.com\/wp-content\/uploads\/2018\/01\/8w.jpg\" width=\"300\" srcset=\"https:\/\/restauracja.harmoniasmakow.com\/wp-content\/uploads\/2018\/01\/8w.jpg 1181w, https:\/\/restauracja.harmoniasmakow.com\/wp-content\/uploads\/2018\/01\/8w-300x180.jpg 300w, https:\/\/restauracja.harmoniasmakow.com\/wp-content\/uploads\/2018\/01\/8w-1024x615.jpg 1024w, https:\/\/restauracja.harmoniasmakow.com\/wp-content\/uploads\/2018\/01\/8w-768x461.jpg 768w\" sizes=\"(max-width: 1181px) 100vw, 1181px\" \/>\u00a0\u00a0 <img decoding=\"async\" class=\" size-full wp-image-44\" src=\"https:\/\/restauracja.harmoniasmakow.com\/wp-content\/uploads\/2018\/01\/10w.jpg\" width=\"300\" srcset=\"https:\/\/restauracja.harmoniasmakow.com\/wp-content\/uploads\/2018\/01\/10w.jpg 1181w, https:\/\/restauracja.harmoniasmakow.com\/wp-content\/uploads\/2018\/01\/10w-300x180.jpg 300w, https:\/\/restauracja.harmoniasmakow.com\/wp-content\/uploads\/2018\/01\/10w-1024x615.jpg 1024w, https:\/\/restauracja.harmoniasmakow.com\/wp-content\/uploads\/2018\/01\/10w-768x461.jpg 768w\" sizes=\"(max-width: 1181px) 100vw, 1181px\" \/>\u00a0\u00a0<\/p>\n<p style=\"text-align: center;\">\u00a0 <img decoding=\"async\" class=\" size-full wp-image-45\" src=\"https:\/\/restauracja.harmoniasmakow.com\/wp-content\/uploads\/2018\/01\/11w.jpg\" width=\"300\" srcset=\"https:\/\/restauracja.harmoniasmakow.com\/wp-content\/uploads\/2018\/01\/11w.jpg 1181w, https:\/\/restauracja.harmoniasmakow.com\/wp-content\/uploads\/2018\/01\/11w-300x180.jpg 300w, https:\/\/restauracja.harmoniasmakow.com\/wp-content\/uploads\/2018\/01\/11w-1024x615.jpg 1024w, https:\/\/restauracja.harmoniasmakow.com\/wp-content\/uploads\/2018\/01\/11w-768x461.jpg 768w\" sizes=\"(max-width: 1181px) 100vw, 1181px\" \/>\u00a0\u00a0 <img decoding=\"async\" class=\" size-full wp-image-46\" src=\"https:\/\/restauracja.harmoniasmakow.com\/wp-content\/uploads\/2018\/01\/12w.jpg\" width=\"300\" srcset=\"https:\/\/restauracja.harmoniasmakow.com\/wp-content\/uploads\/2018\/01\/12w.jpg 1181w, https:\/\/restauracja.harmoniasmakow.com\/wp-content\/uploads\/2018\/01\/12w-300x180.jpg 300w, https:\/\/restauracja.harmoniasmakow.com\/wp-content\/uploads\/2018\/01\/12w-1024x615.jpg 1024w, https:\/\/restauracja.harmoniasmakow.com\/wp-content\/uploads\/2018\/01\/12w-768x461.jpg 768w\" sizes=\"(max-width: 1181px) 100vw, 1181px\" \/>\u00a0\u00a0 <img decoding=\"async\" class=\" size-full wp-image-47\" src=\"https:\/\/restauracja.harmoniasmakow.com\/wp-content\/uploads\/2018\/01\/13w.jpg\" width=\"300\" srcset=\"https:\/\/restauracja.harmoniasmakow.com\/wp-content\/uploads\/2018\/01\/13w.jpg 1181w, https:\/\/restauracja.harmoniasmakow.com\/wp-content\/uploads\/2018\/01\/13w-300x180.jpg 300w, https:\/\/restauracja.harmoniasmakow.com\/wp-content\/uploads\/2018\/01\/13w-1024x615.jpg 1024w, https:\/\/restauracja.harmoniasmakow.com\/wp-content\/uploads\/2018\/01\/13w-768x461.jpg 768w\" sizes=\"(max-width: 1181px) 100vw, 1181px\" \/>\u00a0\u00a0<\/p>\n<p style=\"text-align: center;\">\u00a0 <img decoding=\"async\" class=\" size-full wp-image-48\" src=\"https:\/\/restauracja.harmoniasmakow.com\/wp-content\/uploads\/2018\/01\/16w.jpg\" width=\"300\" srcset=\"https:\/\/restauracja.harmoniasmakow.com\/wp-content\/uploads\/2018\/01\/16w.jpg 1181w, https:\/\/restauracja.harmoniasmakow.com\/wp-content\/uploads\/2018\/01\/16w-300x180.jpg 300w, https:\/\/restauracja.harmoniasmakow.com\/wp-content\/uploads\/2018\/01\/16w-1024x615.jpg 1024w, https:\/\/restauracja.harmoniasmakow.com\/wp-content\/uploads\/2018\/01\/16w-768x461.jpg 768w\" sizes=\"(max-width: 1181px) 100vw, 1181px\" \/>\u00a0\u00a0 <img decoding=\"async\" class=\" size-full wp-image-49\" src=\"https:\/\/restauracja.harmoniasmakow.com\/wp-content\/uploads\/2018\/01\/18w.jpg\" width=\"300\" srcset=\"https:\/\/restauracja.harmoniasmakow.com\/wp-content\/uploads\/2018\/01\/18w.jpg 1181w, https:\/\/restauracja.harmoniasmakow.com\/wp-content\/uploads\/2018\/01\/18w-300x180.jpg 300w, https:\/\/restauracja.harmoniasmakow.com\/wp-content\/uploads\/2018\/01\/18w-1024x615.jpg 1024w, https:\/\/restauracja.harmoniasmakow.com\/wp-content\/uploads\/2018\/01\/18w-768x461.jpg 768w\" sizes=\"(max-width: 1181px) 100vw, 1181px\" \/>\u00a0\u00a0 <img decoding=\"async\" class=\" size-full wp-image-50\" src=\"https:\/\/restauracja.harmoniasmakow.com\/wp-content\/uploads\/2018\/01\/19w.jpg\" width=\"300\" srcset=\"https:\/\/restauracja.harmoniasmakow.com\/wp-content\/uploads\/2018\/01\/19w.jpg 1181w, https:\/\/restauracja.harmoniasmakow.com\/wp-content\/uploads\/2018\/01\/19w-300x180.jpg 300w, https:\/\/restauracja.harmoniasmakow.com\/wp-content\/uploads\/2018\/01\/19w-1024x615.jpg 1024w, https:\/\/restauracja.harmoniasmakow.com\/wp-content\/uploads\/2018\/01\/19w-768x461.jpg 768w\" sizes=\"(max-width: 1181px) 100vw, 1181px\" \/>\u00a0\u00a0<\/p>\n<p style=\"text-align: center;\"><img decoding=\"async\" class=\" size-full wp-image-51\" src=\"https:\/\/restauracja.harmoniasmakow.com\/wp-content\/uploads\/2018\/01\/20w.jpg\" width=\"300\" srcset=\"https:\/\/restauracja.harmoniasmakow.com\/wp-content\/uploads\/2018\/01\/20w.jpg 1181w, https:\/\/restauracja.harmoniasmakow.com\/wp-content\/uploads\/2018\/01\/20w-300x180.jpg 300w, https:\/\/restauracja.harmoniasmakow.com\/wp-content\/uploads\/2018\/01\/20w-1024x615.jpg 1024w, https:\/\/restauracja.harmoniasmakow.com\/wp-content\/uploads\/2018\/01\/20w-768x461.jpg 768w\" sizes=\"(max-width: 1181px) 100vw, 1181px\" \/>\u00a0\u00a0 <img decoding=\"async\" class=\" size-full wp-image-52\" src=\"https:\/\/restauracja.harmoniasmakow.com\/wp-content\/uploads\/2018\/01\/23w.jpg\" width=\"300\" srcset=\"https:\/\/restauracja.harmoniasmakow.com\/wp-content\/uploads\/2018\/01\/23w.jpg 1181w, https:\/\/restauracja.harmoniasmakow.com\/wp-content\/uploads\/2018\/01\/23w-300x180.jpg 300w, https:\/\/restauracja.harmoniasmakow.com\/wp-content\/uploads\/2018\/01\/23w-1024x615.jpg 1024w, https:\/\/restauracja.harmoniasmakow.com\/wp-content\/uploads\/2018\/01\/23w-768x461.jpg 768w\" sizes=\"(max-width: 1181px) 100vw, 1181px\" \/>\u00a0\u00a0 <img decoding=\"async\" class=\" size-full wp-image-53\" src=\"https:\/\/restauracja.harmoniasmakow.com\/wp-content\/uploads\/2018\/01\/24w.jpg\" width=\"300\" srcset=\"https:\/\/restauracja.harmoniasmakow.com\/wp-content\/uploads\/2018\/01\/24w.jpg 1181w, https:\/\/restauracja.harmoniasmakow.com\/wp-content\/uploads\/2018\/01\/24w-300x180.jpg 300w, https:\/\/restauracja.harmoniasmakow.com\/wp-content\/uploads\/2018\/01\/24w-1024x615.jpg 1024w, https:\/\/restauracja.harmoniasmakow.com\/wp-content\/uploads\/2018\/01\/24w-768x461.jpg 768w\" sizes=\"(max-width: 1181px) 100vw, 1181px\" \/><\/p>\n<p style=\"text-align: center;\"><img decoding=\"async\" class=\" size-full wp-image-54\" src=\"https:\/\/restauracja.harmoniasmakow.com\/wp-content\/uploads\/2018\/01\/26w.jpg\" width=\"300\" srcset=\"https:\/\/restauracja.harmoniasmakow.com\/wp-content\/uploads\/2018\/01\/26w.jpg 1181w, https:\/\/restauracja.harmoniasmakow.com\/wp-content\/uploads\/2018\/01\/26w-300x180.jpg 300w, https:\/\/restauracja.harmoniasmakow.com\/wp-content\/uploads\/2018\/01\/26w-1024x615.jpg 1024w, https:\/\/restauracja.harmoniasmakow.com\/wp-content\/uploads\/2018\/01\/26w-768x461.jpg 768w\" sizes=\"(max-width: 1181px) 100vw, 1181px\" \/>\u00a0\u00a0 <img decoding=\"async\" class=\" size-full wp-image-55\" src=\"https:\/\/restauracja.harmoniasmakow.com\/wp-content\/uploads\/2018\/01\/27w.jpg\" width=\"300\" srcset=\"https:\/\/restauracja.harmoniasmakow.com\/wp-content\/uploads\/2018\/01\/27w.jpg 1181w, https:\/\/restauracja.harmoniasmakow.com\/wp-content\/uploads\/2018\/01\/27w-300x180.jpg 300w, https:\/\/restauracja.harmoniasmakow.com\/wp-content\/uploads\/2018\/01\/27w-1024x615.jpg 1024w, https:\/\/restauracja.harmoniasmakow.com\/wp-content\/uploads\/2018\/01\/27w-768x461.jpg 768w\" sizes=\"(max-width: 1181px) 100vw, 1181px\" \/>\u00a0\u00a0 <img decoding=\"async\" class=\" size-full wp-image-56\" src=\"https:\/\/restauracja.harmoniasmakow.com\/wp-content\/uploads\/2018\/01\/7w.jpg\" width=\"300\" srcset=\"https:\/\/restauracja.harmoniasmakow.com\/wp-content\/uploads\/2018\/01\/7w.jpg 1181w, https:\/\/restauracja.harmoniasmakow.com\/wp-content\/uploads\/2018\/01\/7w-300x180.jpg 300w, https:\/\/restauracja.harmoniasmakow.com\/wp-content\/uploads\/2018\/01\/7w-1024x615.jpg 1024w, https:\/\/restauracja.harmoniasmakow.com\/wp-content\/uploads\/2018\/01\/7w-768x461.jpg 768w\" sizes=\"(max-width: 1181px) 100vw, 1181px\" \/><\/p>\n","protected":false},"excerpt":{"rendered":"<p>Zapraszamy do zapoznania si\u0119 z ofert\u0105 weseln\u0105 w restauracji Harmonia Smak\u00f3w. \u00a0 Jeste\u015bmy przekonani, \u017ce powierzaj\u0105c nam organizacj\u0119 Przyj\u0119cia Weselnego dokonuj\u0105 Pa\u0144stwo trafnego wyboru. Nasz do\u015bwiadczony zesp\u00f3\u0142 z przyjemno\u015bci\u0105 zorganizuje przyj\u0119cie Pa\u0144stwa marze\u0144. Udzielimy wielu cennych wskaz\u00f3wek dotycz\u0105cych skomponowania odpowiedniego menu, przygotowania dodatkowych atrakcji, dekoracji oraz oprawy przyj\u0119cia weselnego uwzgl\u0119dniaj\u0105c specjalne preferencje M\u0142odej Pary oraz \u017cyczenia go\u015bci. \u00a0 Propozycja Diamentowa Koszt przyj\u0119cia weselnego wynosi 159 z\u0142 od osoby. Propozycja cenowa obejmuje: staropolskie powitanie chlebem i sol\u0105, wino musuj\u0105ce na przywitanie Go\u015bci, zup\u0119, 3 porcj\u0119 mi\u0119sa na osob\u0119, 3 rodzaje dodatk\u00f3w, 3 rodzaje sur\u00f3wek + warzywa na ciep\u0142o, sosy na ciep\u0142o, deser lub s\u0142odkie 2 porcje na osob\u0119, zimne zak\u0105ski 3 porcje na osob\u0119, ciep\u0142y posi\u0142ek po p\u00f3\u0142nocy (zupa, mi\u0119so 1,5 porcji na osob\u0119), patery z owocami, bufet kawowy bez limitu, pi\u0119kn\u0105 dekoracj\u0119 sali \u017cywymi kwiatami Serdecznie zapraszamy \u00a0 \u00a0\u00a0\u00a0 \u00a0\u00a0 \u00a0 \u00a0 \u00a0\u00a0 \u00a0\u00a0 \u00a0\u00a0 \u00a0 \u00a0\u00a0 \u00a0\u00a0 \u00a0\u00a0 \u00a0 \u00a0\u00a0 \u00a0\u00a0 \u00a0\u00a0 \u00a0\u00a0 \u00a0\u00a0 \u00a0\u00a0 \u00a0\u00a0<\/p>\n","protected":false},"author":1,"featured_media":38,"parent":0,"menu_order":2,"comment_status":"closed","ping_status":"closed","template":"","meta":{"footnotes":""},"class_list":["post-57","page","type-page","status-publish","has-post-thumbnail","hentry"],"_links":{"self":[{"href":"https:\/\/restauracja.harmoniasmakow.com\/index.php\/wp-json\/wp\/v2\/pages\/57","targetHints":{"allow":["GET"]}}],"collection":[{"href":"https:\/\/restauracja.harmoniasmakow.com\/index.php\/wp-json\/wp\/v2\/pages"}],"about":[{"href":"https:\/\/restauracja.harmoniasmakow.com\/index.php\/wp-json\/wp\/v2\/types\/page"}],"author":[{"embeddable":true,"href":"https:\/\/restauracja.harmoniasmakow.com\/index.php\/wp-json\/wp\/v2\/users\/1"}],"replies":[{"embeddable":true,"href":"https:\/\/restauracja.harmoniasmakow.com\/index.php\/wp-json\/wp\/v2\/comments?post=57"}],"version-history":[{"count":0,"href":"https:\/\/restauracja.harmoniasmakow.com\/index.php\/wp-json\/wp\/v2\/pages\/57\/revisions"}],"wp:featuredmedia":[{"embeddable":true,"href":"https:\/\/restauracja.harmoniasmakow.com\/index.php\/wp-json\/wp\/v2\/media\/38"}],"wp:attachment":[{"href":"https:\/\/restauracja.harmoniasmakow.com\/index.php\/wp-json\/wp\/v2\/media?parent=57"}],"curies":[{"name":"wp","href":"https:\/\/api.w.org\/{rel}","templated":true}]}}