{"id":59,"date":"2018-01-20T16:55:05","date_gmt":"2018-01-20T15:55:05","guid":{"rendered":"https:\/\/restauracja.harmoniasmakow.com\/index.php\/przyjecia-rodzinne\/"},"modified":"2018-01-20T16:55:05","modified_gmt":"2018-01-20T15:55:05","slug":"przyjecia-rodzinne","status":"publish","type":"page","link":"https:\/\/restauracja.harmoniasmakow.com\/index.php\/przyjecia-rodzinne\/","title":{"rendered":"Przyj\u0119cia Rodzinne"},"content":{"rendered":"<p style=\"margin: 0cm 0cm 10pt;\" align=\"center\"><span style=\"background-color: #800000;\"><img fetchpriority=\"high\" decoding=\"async\" class=\" size-full wp-image-58\" src=\"https:\/\/restauracja.harmoniasmakow.com\/wp-content\/uploads\/2018\/01\/4.jpg\" alt=\"\" width=\"447\" height=\"298\" srcset=\"https:\/\/restauracja.harmoniasmakow.com\/wp-content\/uploads\/2018\/01\/4.jpg 2000w, https:\/\/restauracja.harmoniasmakow.com\/wp-content\/uploads\/2018\/01\/4-300x200.jpg 300w, https:\/\/restauracja.harmoniasmakow.com\/wp-content\/uploads\/2018\/01\/4-1024x682.jpg 1024w, https:\/\/restauracja.harmoniasmakow.com\/wp-content\/uploads\/2018\/01\/4-768x512.jpg 768w, https:\/\/restauracja.harmoniasmakow.com\/wp-content\/uploads\/2018\/01\/4-1536x1024.jpg 1536w\" sizes=\"(max-width: 447px) 100vw, 447px\" \/><span style=\"font-size: 10pt; background-color: #4a0505;\"><strong><span style=\"font-family: arial\\ black, avant\\ garde;\"><span class=\"bd-postcontent-2\">\u00a0<\/span><\/span><\/strong><\/span><\/span><\/p>\n<p align=\"center\"><span style=\"font-size: 12pt; color: #ffffff; background-color: #4a0505;\"> <strong><span style=\"font-family: arial\\ black, avant\\ garde;\"><span class=\"bd-postcontent-2\">Zapraszamy<\/span> do<\/span><span style=\"font-family: arial\\ black, avant\\ garde;\"> zapoznania <\/span><span style=\"font-family: arial\\ black, avant\\ garde;\">si\u0119 z wyj\u0105tkow\u0105 ofert\u0105 przyj\u0119\u0107 okoliczno\u015bciowych. <\/span><\/strong><\/span><\/p>\n<p align=\"center\"><span style=\"font-size: 12pt; color: #ffffff; background-color: #4a0505;\"><strong><span style=\"font-family: arial\\ black, avant\\ garde;\">Wesela, chrzciny, roczki, osiemnastki, spotkania rodzinne.<\/span><\/strong><\/span><\/p>\n<p align=\"center\"><span style=\"font-size: 12pt; color: #ffffff; background-color: #4a0505;\"><strong><span style=\"font-family: arial\\ black, avant\\ garde;\">Nasz do\u015bwiadczony zesp\u00f3\u0142 z przyjemno\u015bci\u0105 zorganizuje przyj\u0119cie rodzinne. <\/span><\/strong><\/span><\/p>\n<p align=\"center\"><span style=\"font-size: 12pt; color: #ffffff; background-color: #4a0505;\"><strong><span style=\"font-family: arial\\ black, avant\\ garde;\">Udzielimy wielu cennych wskaz\u00f3wek dotycz\u0105cych skomponowania odpowiedniego menu, <\/span><\/strong><\/span><\/p>\n<p align=\"center\"><span style=\"font-size: 12pt; color: #ffffff; background-color: #4a0505;\"><strong><span style=\"font-family: arial\\ black, avant\\ garde;\">przygotowania dodatkowych atrakcji, dekoracji oraz oprawy uwzgl\u0119dniaj\u0105c specjalne <\/span><\/strong><\/span><\/p>\n<p align=\"center\"><span style=\"font-size: 12pt; color: #ffffff; background-color: #4a0505;\"><strong><span style=\"font-family: arial\\ black, avant\\ garde;\">preferencje ka\u017cdego z Pa\u0144stwa.<\/span><\/strong><\/span><\/p>\n<p align=\"center\"><span style=\"font-size: 12pt; color: #ffffff; background-color: #4a0505;\"><strong><span style=\"font-family: arial\\ black, avant\\ garde;\">Chcia\u0142bym zaznaczy\u0107, \u017ce jako prawdopodobnie jedyni w Wielkopolsce<\/span><\/strong><\/span><\/p>\n<p style=\"margin: 0cm 0cm 10pt; text-align: center;\" align=\"center\"><span style=\"font-size: 12pt; color: #ffffff; background-color: #4a0505;\"><strong><span style=\"font-family: arial\\ black, avant\\ garde;\">oferujemy wyb\u00f3r <\/span><span style=\"font-family: arial\\ black, avant\\ garde;\">z gamy 500 da\u0144 bez wp\u0142ywu na cen\u0119!!!<\/span><\/strong><\/span><\/p>\n","protected":false},"excerpt":{"rendered":"<p>\u00a0 Zapraszamy do zapoznania si\u0119 z wyj\u0105tkow\u0105 ofert\u0105 przyj\u0119\u0107 okoliczno\u015bciowych. Wesela, chrzciny, roczki, osiemnastki, spotkania rodzinne. Nasz do\u015bwiadczony zesp\u00f3\u0142 z przyjemno\u015bci\u0105 zorganizuje przyj\u0119cie rodzinne. Udzielimy wielu cennych wskaz\u00f3wek dotycz\u0105cych skomponowania odpowiedniego menu, przygotowania dodatkowych atrakcji, dekoracji oraz oprawy uwzgl\u0119dniaj\u0105c specjalne preferencje ka\u017cdego z Pa\u0144stwa. Chcia\u0142bym zaznaczy\u0107, \u017ce jako prawdopodobnie jedyni w Wielkopolsce oferujemy wyb\u00f3r z gamy 500 da\u0144 bez wp\u0142ywu na cen\u0119!!!<\/p>\n","protected":false},"author":1,"featured_media":58,"parent":0,"menu_order":1,"comment_status":"closed","ping_status":"closed","template":"","meta":{"footnotes":""},"class_list":["post-59","page","type-page","status-publish","has-post-thumbnail","hentry"],"_links":{"self":[{"href":"https:\/\/restauracja.harmoniasmakow.com\/index.php\/wp-json\/wp\/v2\/pages\/59","targetHints":{"allow":["GET"]}}],"collection":[{"href":"https:\/\/restauracja.harmoniasmakow.com\/index.php\/wp-json\/wp\/v2\/pages"}],"about":[{"href":"https:\/\/restauracja.harmoniasmakow.com\/index.php\/wp-json\/wp\/v2\/types\/page"}],"author":[{"embeddable":true,"href":"https:\/\/restauracja.harmoniasmakow.com\/index.php\/wp-json\/wp\/v2\/users\/1"}],"replies":[{"embeddable":true,"href":"https:\/\/restauracja.harmoniasmakow.com\/index.php\/wp-json\/wp\/v2\/comments?post=59"}],"version-history":[{"count":0,"href":"https:\/\/restauracja.harmoniasmakow.com\/index.php\/wp-json\/wp\/v2\/pages\/59\/revisions"}],"wp:featuredmedia":[{"embeddable":true,"href":"https:\/\/restauracja.harmoniasmakow.com\/index.php\/wp-json\/wp\/v2\/media\/58"}],"wp:attachment":[{"href":"https:\/\/restauracja.harmoniasmakow.com\/index.php\/wp-json\/wp\/v2\/media?parent=59"}],"curies":[{"name":"wp","href":"https:\/\/api.w.org\/{rel}","templated":true}]}}