{"id":66,"date":"2025-07-16T09:02:58","date_gmt":"2025-07-16T07:02:58","guid":{"rendered":"https:\/\/restauracja.harmoniasmakow.com\/?page_id=66"},"modified":"2025-07-16T09:02:58","modified_gmt":"2025-07-16T07:02:58","slug":"aktualne-oferty","status":"publish","type":"page","link":"https:\/\/restauracja.harmoniasmakow.com\/index.php\/aktualne-oferty\/","title":{"rendered":"Aktualne oferty"},"content":{"rendered":"\n<figure class=\"wp-block-image\"><img decoding=\"async\" src=\"https:\/\/www.harmoniasmakow.com\/images\/Bon---harmonia.jpg\" alt=\"\"\/><\/figure>\n\n\n\n<p><strong>Zr\u00f3b wyj\u0105tkowy prezent niespodziank\u0119 swoim bliskim.<\/strong><\/p>\n\n\n\n<p><strong>Nie \u0142am sobie g\u0142owy zastanawiaj\u0105c si\u0119 co kupi\u0107.<\/strong><\/p>\n\n\n\n<p><strong>Bony podarunkowe to metoda zyskuj\u0105ca<\/strong><\/p>\n\n\n\n<p><strong>coraz wi\u0119ksz\u0105 popularno\u015b\u0107.<\/strong><\/p>\n\n\n\n<p><strong>Zapraszamy do organizacji<\/strong><\/p>\n\n\n\n<p><strong>Chrzcin i Roczk\u00f3w w naszej restauracji.<\/strong><\/p>\n\n\n\n<p><strong>Jeste\u015bmy przekonani, \u017ce powierzaj\u0105c nam organizacj\u0119<\/strong><\/p>\n\n\n\n<p><strong>Przyj\u0119\u0107 Okoliczno\u015bciowych w naszych restauracjach dokonuj\u0105<\/strong><\/p>\n\n\n\n<p><strong>Pa\u0144stwo trafnego wyboru. Nasz do\u015bwiadczony zesp\u00f3\u0142<\/strong><\/p>\n\n\n\n<p><strong>z przyjemno\u015bci\u0105 zorganizuje przyj\u0119cie Pa\u0144stwa marze\u0144.<\/strong><\/p>\n\n\n\n<figure class=\"wp-block-image\"><img decoding=\"async\" src=\"https:\/\/www.harmoniasmakow.com\/images\/mapka.jpg\" alt=\"\"\/><\/figure>\n\n\n\n<figure class=\"wp-block-image\"><img decoding=\"async\" src=\"https:\/\/www.harmoniasmakow.com\/images\/nowa-sala-2.jpg\" alt=\"\"\/><\/figure>\n\n\n\n<figure class=\"wp-block-image\"><img decoding=\"async\" src=\"https:\/\/www.harmoniasmakow.com\/images\/1-HA.jpg\" alt=\"\"\/><\/figure>\n\n\n\n<figure class=\"wp-block-image\"><img decoding=\"async\" src=\"https:\/\/www.harmoniasmakow.com\/images\/2-HA.jpg\" alt=\"\"\/><\/figure>\n\n\n\n<figure class=\"wp-block-image\"><img decoding=\"async\" src=\"https:\/\/www.harmoniasmakow.com\/images\/3-HA.jpg\" alt=\"\"\/><\/figure>\n\n\n\n<figure class=\"wp-block-image\"><img decoding=\"async\" src=\"https:\/\/www.harmoniasmakow.com\/images\/4-HA.jpg\" alt=\"\"\/><\/figure>\n\n\n\n<figure class=\"wp-block-image\"><img decoding=\"async\" src=\"https:\/\/www.harmoniasmakow.com\/images\/5-HA.jpg\" alt=\"\"\/><\/figure>\n\n\n\n<p>Zapraszamy r\u00f3wnie\u017c do naszej drugiej restauracji<\/p>\n\n\n\n<p>Pasja Smak\u00f3w<\/p>\n\n\n\n<p>na os. Pod Lipami 104, <a href=\"http:\/\/www.pasjasmakow.com\">www.pasjasmakow.com<\/a><\/p>\n\n\n\n<figure class=\"wp-block-image\"><img decoding=\"async\" src=\"https:\/\/www.harmoniasmakow.com\/images\/IMG_2446-.jpg\" alt=\"\"\/><\/figure>\n\n\n\n<figure class=\"wp-block-image\"><img decoding=\"async\" src=\"https:\/\/www.harmoniasmakow.com\/images\/IMG_2548-.jpg\" alt=\"\"\/><\/figure>\n\n\n\n<figure class=\"wp-block-image\"><img decoding=\"async\" src=\"https:\/\/www.harmoniasmakow.com\/images\/IMG_2650-.jpg\" alt=\"\"\/><\/figure>\n\n\n\n<figure class=\"wp-block-image\"><img decoding=\"async\" src=\"https:\/\/www.harmoniasmakow.com\/images\/IMG_2644-.jpg\" alt=\"\"\/><\/figure>\n\n\n\n<p><strong>Nowo\u015b\u0107 Gotowe Zestawy Obiadowe Do Podgrzania<\/strong><\/p>\n\n\n\n<p><strong>Wi\u0119cej szczeg\u00f3\u0142\u00f3w na<\/strong><\/p>\n\n\n\n<figure class=\"wp-block-embed\"><div class=\"wp-block-embed__wrapper\">\nhttps:\/\/sklep.pasjasmakow.com\/pl\/c\/ZESTAWY-OBIADOWE\/50\n<\/div><\/figure>\n\n\n\n<figure class=\"wp-block-image\"><img decoding=\"async\" src=\"https:\/\/www.harmoniasmakow.com\/images\/12.jpg\" alt=\"\"\/><\/figure>\n\n\n\n<figure class=\"wp-block-image\"><img decoding=\"async\" src=\"https:\/\/www.harmoniasmakow.com\/images\/11.jpg\" alt=\"\"\/><\/figure>\n\n\n\n<figure class=\"wp-block-image\"><img decoding=\"async\" src=\"https:\/\/www.harmoniasmakow.com\/images\/13.jpg\" alt=\"\"\/><\/figure>\n\n\n\n<figure class=\"wp-block-image\"><img decoding=\"async\" src=\"https:\/\/www.harmoniasmakow.com\/images\/15.jpg\" alt=\"\"\/><\/figure>\n\n\n\n<figure class=\"wp-block-image\"><img decoding=\"async\" src=\"https:\/\/www.harmoniasmakow.com\/images\/16.jpg\" alt=\"\"\/><\/figure>\n\n\n\n<figure class=\"wp-block-image\"><img decoding=\"async\" src=\"https:\/\/www.harmoniasmakow.com\/images\/18.jpg\" alt=\"\"\/><\/figure>\n\n\n\n<figure class=\"wp-block-image\"><img decoding=\"async\" src=\"https:\/\/www.harmoniasmakow.com\/images\/17.jpg\" alt=\"\"\/><\/figure>\n\n\n\n<figure class=\"wp-block-image\"><img decoding=\"async\" src=\"https:\/\/www.harmoniasmakow.com\/images\/19.jpg\" alt=\"\"\/><\/figure>\n\n\n\n<figure class=\"wp-block-image\"><img decoding=\"async\" src=\"https:\/\/www.harmoniasmakow.com\/images\/22.jpg\" alt=\"\"\/><\/figure>\n\n\n\n<p><strong>Zapraszamy do sk\u0142adania zam\u00f3wie\u0144 na potrawy gotowe <\/strong><strong>i garma\u017cerk\u0119.<\/strong><\/p>\n\n\n\n<figure class=\"wp-block-image\"><a href=\"https:\/\/www.harmoniasmakow.com\/garma%C5%BCerka-i-mi%C4%99sa.html\"><img decoding=\"async\" src=\"https:\/\/www.harmoniasmakow.com\/images\/KLIKNIJ.jpg\" alt=\"\"\/><\/a><\/figure>\n","protected":false},"excerpt":{"rendered":"<p>Zr\u00f3b wyj\u0105tkowy prezent niespodziank\u0119 swoim bliskim. Nie \u0142am sobie g\u0142owy zastanawiaj\u0105c si\u0119 co kupi\u0107. Bony podarunkowe to metoda zyskuj\u0105ca coraz wi\u0119ksz\u0105 popularno\u015b\u0107. Zapraszamy do organizacji Chrzcin i Roczk\u00f3w w naszej restauracji. Jeste\u015bmy przekonani, \u017ce powierzaj\u0105c nam organizacj\u0119 Przyj\u0119\u0107 Okoliczno\u015bciowych w naszych restauracjach dokonuj\u0105 Pa\u0144stwo trafnego wyboru. Nasz do\u015bwiadczony zesp\u00f3\u0142 z przyjemno\u015bci\u0105 zorganizuje przyj\u0119cie Pa\u0144stwa marze\u0144. Zapraszamy r\u00f3wnie\u017c do naszej drugiej restauracji Pasja Smak\u00f3w na os. Pod Lipami 104, www.pasjasmakow.com Nowo\u015b\u0107 Gotowe Zestawy Obiadowe Do Podgrzania Wi\u0119cej szczeg\u00f3\u0142\u00f3w na Zapraszamy do sk\u0142adania zam\u00f3wie\u0144 na potrawy gotowe i garma\u017cerk\u0119.<\/p>\n","protected":false},"author":1,"featured_media":0,"parent":0,"menu_order":0,"comment_status":"closed","ping_status":"closed","template":"","meta":{"footnotes":""},"class_list":["post-66","page","type-page","status-publish","hentry"],"_links":{"self":[{"href":"https:\/\/restauracja.harmoniasmakow.com\/index.php\/wp-json\/wp\/v2\/pages\/66","targetHints":{"allow":["GET"]}}],"collection":[{"href":"https:\/\/restauracja.harmoniasmakow.com\/index.php\/wp-json\/wp\/v2\/pages"}],"about":[{"href":"https:\/\/restauracja.harmoniasmakow.com\/index.php\/wp-json\/wp\/v2\/types\/page"}],"author":[{"embeddable":true,"href":"https:\/\/restauracja.harmoniasmakow.com\/index.php\/wp-json\/wp\/v2\/users\/1"}],"replies":[{"embeddable":true,"href":"https:\/\/restauracja.harmoniasmakow.com\/index.php\/wp-json\/wp\/v2\/comments?post=66"}],"version-history":[{"count":1,"href":"https:\/\/restauracja.harmoniasmakow.com\/index.php\/wp-json\/wp\/v2\/pages\/66\/revisions"}],"predecessor-version":[{"id":67,"href":"https:\/\/restauracja.harmoniasmakow.com\/index.php\/wp-json\/wp\/v2\/pages\/66\/revisions\/67"}],"wp:attachment":[{"href":"https:\/\/restauracja.harmoniasmakow.com\/index.php\/wp-json\/wp\/v2\/media?parent=66"}],"curies":[{"name":"wp","href":"https:\/\/api.w.org\/{rel}","templated":true}]}}